{"id":4420,"date":"2025-01-17T06:23:02","date_gmt":"2025-01-17T06:23:02","guid":{"rendered":"https:\/\/evalart.pmgswebdraft.com\/?page_id=4420"},"modified":"2025-07-31T18:58:49","modified_gmt":"2025-07-31T18:58:49","slug":"cookie-policy","status":"publish","type":"page","link":"https:\/\/evalart.pmgswebdraft.com\/es\/cookie-policy\/","title":{"rendered":"Pol\u00edtica de cookies"},"content":{"rendered":"<p><strong>POL\u00cdTICA DE COOKIES<\/strong><\/p>\n<p>&nbsp;<\/p>\n<p><strong>\u00daltima actualizaci\u00f3n: 06 de marzo de 2024<\/strong><\/p>\n<p>&nbsp;<\/p>\n<p>Esta Pol\u00edtica de cookies explica c\u00f3mo Noosa Labs, Inc. (\u00ab<strong>Empresa<\/strong>\u00ab, \u00ab<strong>nosotros<\/strong>\u00ab, \u00ab<strong>nos<\/strong>\u00bb y \u00ab<strong>nuestro<\/strong>\u00ab) utiliza las cookies y tecnolog\u00edas similares para reconocerle cuando visita nuestro sitio web en <a href=\"https:\/\/evalart.pmgswebdraft.com\">https:\/\/evalart.pmgswebdraft.com<\/a> (\u00ab<strong>Sitio web<\/strong>\u00ab). Le explicamos qu\u00e9 son estas tecnolog\u00edas y por qu\u00e9 las utilizamos, as\u00ed como sus derechos para controlar el uso que hacemos de ellas.<\/p>\n<p>&nbsp;<\/p>\n<p>En algunos casos podemos utilizar cookies para recopilar informaci\u00f3n personal, o que se convierte en informaci\u00f3n personal si la combinamos con otra informaci\u00f3n.<\/p>\n<p><strong>&nbsp;<\/strong><\/p>\n<p><strong>\u00bfQu\u00e9 son las cookies?<\/strong><\/p>\n<p>&nbsp;<\/p>\n<p>Las cookies son peque\u00f1os archivos de datos que se colocan en su ordenador o dispositivo m\u00f3vil cuando visita un sitio web. Los propietarios de sitios web utilizan ampliamente las cookies para que sus sitios web funcionen, o para que lo hagan de forma m\u00e1s eficiente, as\u00ed como para proporcionar informaci\u00f3n de informes.<\/p>\n<p>&nbsp;<\/p>\n<p>Las cookies establecidas por el propietario del sitio web (en este caso, Noosa Labs, Inc. ) se denominan \u00abcookies de origen\u00bb. Las cookies establecidas por partes distintas del propietario del sitio web se denominan \u00abcookies de terceros\u00bb. Las cookies de terceros permiten ofrecer caracter\u00edsticas o funciones de terceros en el sitio web o a trav\u00e9s de \u00e9l (por ejemplo, publicidad, contenido interactivo y an\u00e1lisis). Las partes que establecen estas cookies de terceros pueden reconocer su ordenador tanto cuando visita el sitio web en cuesti\u00f3n como cuando visita otros sitios web determinados.<\/p>\n<p><strong>&nbsp;<\/strong><\/p>\n<p><strong>\u00bfPor qu\u00e9 utilizamos cookies?<\/strong><\/p>\n<p>&nbsp;<\/p>\n<p>Utilizamos cookies propias y de terceros por varias razones. Algunas cookies son necesarias por razones t\u00e9cnicas para que nuestro sitio web funcione, y nos referimos a ellas como cookies \u00abesenciales\u00bb o \u00abestrictamente necesarias\u00bb. Otras cookies tambi\u00e9n nos permiten rastrear y orientar los intereses de nuestros usuarios para mejorar la experiencia en nuestras Propiedades en l\u00ednea. Terceros sirven cookies a trav\u00e9s de nuestro Sitio Web con fines publicitarios, anal\u00edticos y otros. Esto se describe con m\u00e1s detalle a continuaci\u00f3n.<\/p>\n<p><strong>&nbsp;<\/strong><\/p>\n<p><strong>\u00bfC\u00f3mo puedo controlar las cookies?<\/strong><\/p>\n<p>&nbsp;<\/p>\n<p>Usted tiene derecho a decidir si acepta o rechaza las cookies. Puede ejercer sus derechos sobre las cookies estableciendo sus preferencias en el Gestor de consentimiento de cookies. El Administrador de Consentimiento de Cookies le permite seleccionar qu\u00e9 categor\u00edas de cookies acepta o rechaza. Las cookies esenciales no pueden rechazarse ya que son estrictamente necesarias para proporcionarle servicios.<\/p>\n<p>&nbsp;<\/p>\n<p>El Gestor de Consentimiento de Cookies se encuentra en el banner de notificaci\u00f3n y en nuestra p\u00e1gina web. Si decide rechazar las cookies, podr\u00e1 seguir utilizando nuestro sitio web aunque su acceso a algunas funciones y \u00e1reas de nuestro sitio web puede estar restringido. Tambi\u00e9n puede configurar o modificar los controles de su navegador web para aceptar o rechazar las cookies.<\/p>\n<p>&nbsp;<\/p>\n<p>Los tipos espec\u00edficos de cookies propias y de terceros que se sirven a trav\u00e9s de nuestro sitio web y los fines que persiguen se describen en la tabla siguiente (tenga en cuenta que las cookies espec\u00edficas que se sirven pueden variar en funci\u00f3n de las Propiedades en l\u00ednea concretas que visite):<\/p>\n<p>&nbsp;<\/p>\n<p><strong><u>Cookies de rendimiento y funcionalidad:<\/u><\/strong><\/p>\n<p>Estas cookies se utilizan para mejorar el rendimiento y la funcionalidad de nuestro Sitio Web, pero no son esenciales para su uso. Sin embargo, sin estas cookies, ciertas funcionalidades (como los videos) pueden dejar de estar disponibles.<\/p>\n<p>&nbsp;<\/p>\n<p>Nombre: AWSALBCORS<\/p>\n<p>Prop\u00f3sito:Para continuar el soporte de stickiness con casos de uso de CORS despu\u00e9s de la actualizaci\u00f3n de Chromium, estamos creando cookies de stickiness adicionales para cada una de estas caracter\u00edsticas de stickiness basadas en la duraci\u00f3n llamadas AWSALBCORS (ALB).<\/p>\n<p>Proveedor:widget-mediator.zopim.com<\/p>\n<p>Servicio:Amazon Web Services Ver pol\u00edtica de privacidad del servicio<\/p>\n<p>Tipo:http_cookie<\/p>\n<p>Caduca en:6 d\u00edas<\/p>\n<p>&nbsp;<\/p>\n<p>Nombre:__cfruid<\/p>\n<p>Prop\u00f3sito:Utilizado por la red de contenido, Cloudflare, para identificar el tr\u00e1fico web de confianza.<\/p>\n<p>Proveedor:.evalart.zendesk.com<\/p>\n<p>Servicio:CloudFlare Ver pol\u00edtica de privacidad del servicio<\/p>\n<p>Tipo:server_cookie<\/p>\n<p>Caduca en:sesi\u00f3n<\/p>\n<p>&nbsp;<\/p>\n<p>Nombre:__zlcmid<\/p>\n<p>Prop\u00f3sito:Widget de chat en vivo en la p\u00e1gina de contacto de Slack (ZopIM)<\/p>\n<p>Proveedor:.evalart.pmgswebdraft.com<\/p>\n<p>Servicio:Pol\u00edtica de privacidad del servicio de visualizaci\u00f3n de Zopim<\/p>\n<p>Tipo:http_cookie<\/p>\n<p>Caduca en:11 meses 30 d\u00edas<\/p>\n<p>&nbsp;<\/p>\n<p><strong><u>Cookies anal\u00edticas y de personalizaci\u00f3n:<\/u><\/strong><\/p>\n<p>Estas cookies recopilan informaci\u00f3n que se utiliza de forma agregada para ayudarnos a comprender c\u00f3mo se utiliza nuestro sitio web o la eficacia de nuestras campa\u00f1as de marketing, o para ayudarnos a personalizar nuestro sitio web para usted.<\/p>\n<p>&nbsp;<\/p>\n<p>Nombre:_ga_#<\/p>\n<p>Finalidad:Se utiliza para distinguir a los usuarios individuales mediante la designaci\u00f3n de un n\u00famero generado aleatoriamente como identificador de cliente, que permite calcular las visitas y las sesiones.<\/p>\n<p>Proveedor:.evalart.pmgswebdraft.com<\/p>\n<p>Servicio:Google Analytics Ver pol\u00edtica de privacidad del servicio<\/p>\n<p>Tipo:http_cookie<\/p>\n<p>Caduca en:1 a\u00f1o 1 mes 4 d\u00edas<\/p>\n<p>&nbsp;<\/p>\n<p>Nombre:_ga<\/p>\n<p>Finalidad:Registra un ID concreto utilizado para obtener datos sobre el consumo del sitio web por parte del usuario<\/p>\n<p>Proveedor:.evalart.pmgswebdraft.com<\/p>\n<p>Servicio:Google Analytics Ver pol\u00edtica de privacidad del servicio<\/p>\n<p>Tipo:http_cookie<\/p>\n<p>Caduca en:1 a\u00f1o 1 mes 4 d\u00edas<\/p>\n<p>&nbsp;<\/p>\n<p>Nombre:11325821653<\/p>\n<p>Proveedor:www.google.com<\/p>\n<p>Tipo:pixel_tracker<\/p>\n<p>Caduca en:sesi\u00f3n<\/p>\n<p>&nbsp;<\/p>\n<p><strong><u>Cookies publicitarias:<\/u><\/strong><\/p>\n<p>Estas cookies se utilizan para que los mensajes publicitarios sean m\u00e1s relevantes para usted. Realizan funciones como evitar que reaparezca continuamente el mismo anuncio, garantizar que los anuncios se muestren correctamente para los anunciantes y, en algunos casos, seleccionar anuncios basados en sus intereses.<\/p>\n<p>&nbsp;<\/p>\n<p>Nombre:UserMatchHistory<\/p>\n<p>Finalidad:Estas cookies est\u00e1n asociadas a una plataforma de marketing B2B, antes conocida como Bizo, que ahora es propiedad de LinkedIn, la plataforma de redes empresariales. Este subdominio est\u00e1 relacionado con los servicios de marketing de LinkedIn que permiten a los propietarios de sitios web obtener informaci\u00f3n sobre los tipos de usuarios de su sitio bas\u00e1ndose en los datos del perfil de LinkedIn, para mejorar la segmentaci\u00f3n.<\/p>\n<p>Proveedor:.linkedin.com<\/p>\n<p>Servicio:LinkedIn Ver pol\u00edtica de privacidad del servicio<\/p>\n<p>Tipo:server_cookie<\/p>\n<p>Caduca en:30 d\u00edas<\/p>\n<p>&nbsp;<\/p>\n<p>Nombre:_gcl_au<\/p>\n<p>Finalidad:Utilizada por Google AdSense para experimentar con la eficacia de los anuncios en los sitios web que utilizan sus servicios.<\/p>\n<p>Proveedor:.evalart.pmgswebdraft.com<\/p>\n<p>Servicio:Google AdSense Ver pol\u00edtica de privacidad del servicio<\/p>\n<p>Tipo:http_cookie<\/p>\n<p>Caduca en:2 meses 29 d\u00edas<\/p>\n<p>&nbsp;<\/p>\n<p>Nombre:test_cookie<\/p>\n<p>Prop\u00f3sito:Una cookie de sesi\u00f3n utilizada para comprobar si el navegador del usuario admite cookies.<\/p>\n<p>Proveedor:.doubleclick.net<\/p>\n<p>Servicio:Pol\u00edtica de privacidad del servicio de visualizaci\u00f3n de DoubleClick<\/p>\n<p>Tipo:server_cookie<\/p>\n<p>Caduca en:15 minutos<\/p>\n<p>&nbsp;<\/p>\n<p>Nombre:lidc<\/p>\n<p>Finalidad:Estas cookies est\u00e1n asociadas a una plataforma de marketing B2B, antes conocida como Bizo, que ahora es propiedad de LinkedIn, la plataforma de redes empresariales. Este subdominio est\u00e1 relacionado con los servicios de marketing de LinkedIn que permiten a los propietarios de sitios web obtener informaci\u00f3n sobre los tipos de usuarios de su sitio bas\u00e1ndose en los datos del perfil de LinkedIn, para mejorar la segmentaci\u00f3n.<\/p>\n<p>Proveedor:.linkedin.com<\/p>\n<p>Servicio:LinkedIn Ver pol\u00edtica de privacidad del servicio<\/p>\n<p>Tipo:server_cookie<\/p>\n<p>Caduca en:1 d\u00eda<\/p>\n<p>&nbsp;<\/p>\n<p>Nombre:bcookie<\/p>\n<p>Finalidad:Se utiliza para optimizar el alcance de la publicidad en Linkedin<\/p>\n<p>Proveedor:linkedin.com<\/p>\n<p>Servicio:Linkedin Ad Analytics Ver servicio Pol\u00edtica de privacidad<\/p>\n<p>Tipo:server_cookie<\/p>\n<p>Caduca en:11 meses 30 d\u00edas<\/p>\n<p>&nbsp;<\/p>\n<p><strong><u>Cookies de redes sociales:<\/u><\/strong><\/p>\n<p>Estas cookies se utilizan para permitirle compartir p\u00e1ginas y contenidos que encuentre interesantes en nuestro Sitio web a trav\u00e9s de redes sociales de terceros y otros sitios web. Estas cookies tambi\u00e9n pueden utilizarse con fines publicitarios.<\/p>\n<p>&nbsp;<\/p>\n<p>Nombre:bscookie<\/p>\n<p>Finalidad:Cookie utilizada para el inicio de sesi\u00f3n con Linkedin y\/o para la funci\u00f3n de seguimiento de Linkedin en sitios web de terceros<\/p>\n<p>Proveedor:www.linkedin.com<\/p>\n<p>Servicio:Linkedin Ad Analytics Ver servicio Pol\u00edtica de privacidad<\/p>\n<p>Tipo:server_cookie<\/p>\n<p>Caduca en:11 meses 30 d\u00edas<\/p>\n<p>&nbsp;<\/p>\n<p><strong><u>Cookies no clasificadas:<\/u><\/strong><\/p>\n<p>Se trata de cookies que a\u00fan no han sido clasificadas. Estamos en proceso de clasificar estas cookies con la ayuda de sus proveedores.<\/p>\n<p>&nbsp;<\/p>\n<p>Nombre:ZD-suid<\/p>\n<p>Proveedor:evalart.pmgswebdraft.com<\/p>\n<p>Tipo:html_local_storage<\/p>\n<p>Caduca en:persistente<\/p>\n<p>&nbsp;<\/p>\n<p>Nombre:li_sugr<\/p>\n<p>Proveedor:linkedin.com<\/p>\n<p>Tipo:server_cookie<\/p>\n<p>Caduca en:2 meses 29 d\u00edas<\/p>\n<p>&nbsp;<\/p>\n<p>Nombre:__zlcstore<\/p>\n<p>Proveedor:evalart.pmgswebdraft.com<\/p>\n<p>Tipo:html_local_storage<\/p>\n<p>Caduca en:persistente<\/p>\n<p>&nbsp;<\/p>\n<p>Nombre:AnalyticsSyncHistory<\/p>\n<p>Proveedor:linkedin.com<\/p>\n<p>Tipo:server_cookie<\/p>\n<p>Caduca en:30 d\u00edas<\/p>\n<p>&nbsp;<\/p>\n<p>Nombre:ZD-store<\/p>\n<p>Proveedor:evalart.pmgswebdraft.com<\/p>\n<p>Tipo:html_local_storage<\/p>\n<p>Caduca en:persistente<\/p>\n<p>&nbsp;<\/p>\n<p>Nombre:ZD-buid<\/p>\n<p>Proveedor:evalart.pmgswebdraft.com<\/p>\n<p>Tipo:html_local_storage<\/p>\n<p>Caduca en:persistente<\/p>\n<p><strong><u>&nbsp;<\/u><\/strong><\/p>\n<p><strong><u>\u00bfC\u00f3mo puedo controlar las cookies en mi navegador?<\/u><\/strong><\/p>\n<p>&nbsp;<\/p>\n<p>Dado que los medios por los que puede rechazar las cookies a trav\u00e9s de los controles de su navegador web var\u00edan de un navegador a otro, debe visitar el men\u00fa de ayuda de su navegador para obtener m\u00e1s informaci\u00f3n. A continuaci\u00f3n encontrar\u00e1 informaci\u00f3n sobre c\u00f3mo gestionar las cookies en los navegadores m\u00e1s populares:<\/p>\n<ul>\n<li>Chrome<\/li>\n<li>Internet Explorer<\/li>\n<li>Firefox<\/li>\n<li>Safari<\/li>\n<li>Edge<\/li>\n<li>Opera<\/li>\n<\/ul>\n<p>Adem\u00e1s, la mayor\u00eda de las redes publicitarias le ofrecen la posibilidad de rechazar la publicidad dirigida. Si desea obtener m\u00e1s informaci\u00f3n, visite<\/p>\n<ul>\n<li>Alianza de Publicidad Digital<\/li>\n<li>Alianza de Publicidad Digital de Canad\u00e1<\/li>\n<li>Alianza Europea de Publicidad Digital Interactiva<\/li>\n<\/ul>\n<p>&nbsp;<\/p>\n<p><strong>\u00bfQu\u00e9 ocurre con otras tecnolog\u00edas de seguimiento, como las balizas web?<\/strong><\/p>\n<p>&nbsp;<\/p>\n<p>Las cookies no son la \u00fanica forma de reconocer o rastrear a los visitantes de un sitio web. Podemos utilizar otras tecnolog\u00edas similares de vez en cuando, como las balizas web (a veces denominadas \u00abp\u00edxeles de seguimiento\u00bb o \u00abgifs transparentes\u00bb). Se trata de peque\u00f1os archivos gr\u00e1ficos que contienen un identificador \u00fanico que nos permite reconocer cu\u00e1ndo alguien ha visitado nuestro sitio web o ha abierto un correo electr\u00f3nico que los incluya. Esto nos permite, por ejemplo, controlar los patrones de tr\u00e1fico de los usuarios de una p\u00e1gina a otra dentro de un sitio web, entregar cookies o comunicarnos con ellas, comprender si ha llegado al sitio web desde un anuncio en l\u00ednea mostrado en un sitio web de terceros, mejorar el rendimiento del sitio y medir el \u00e9xito de las campa\u00f1as de marketing por correo electr\u00f3nico. En muchos casos, estas tecnolog\u00edas dependen de las cookies para funcionar correctamente, por lo que rechazarlas perjudicar\u00e1 su funcionamiento.<\/p>\n<p><strong>&nbsp;<\/strong><\/p>\n<p><strong>\u00bfUtilizan cookies Flash u Objetos Locales Compartidos?<\/strong><\/p>\n<p>&nbsp;<\/p>\n<p>Los sitios web tambi\u00e9n pueden utilizar las denominadas \u00abFlash Cookies\u00bb (tambi\u00e9n conocidas como Objetos Locales Compartidos o \u00abLSO\u00bb) para, entre otras cosas, recopilar y almacenar informaci\u00f3n sobre su uso de nuestros servicios, prevenci\u00f3n del fraude y para otras operaciones del sitio.<\/p>\n<p>&nbsp;<\/p>\n<p>Si no desea que las Flash Cookies se almacenen en su ordenador, puede ajustar la configuraci\u00f3n de su reproductor Flash para bloquear el almacenamiento de Flash Cookies utilizando las herramientas contenidas en el <u>Panel de configuraci\u00f3n de almacenamiento<\/u> del sitio web. Tambi\u00e9n puede controlar las Flash Cookies accediendo al <u>Panel de configuraci\u00f3n global de almacenamiento<\/u> y siguiendo las instrucciones (que pueden incluir instrucciones que expliquen, por ejemplo, c\u00f3mo eliminar las Flash Cookies existentes (denominadas \u00abinformaci\u00f3n\u00bb en el sitio de Macromedia), c\u00f3mo evitar que se coloquen Flash LSO en su ordenador sin que usted lo solicite y (para Flash Player 8 y posteriores) c\u00f3mo bloquear las Flash Cookies que no est\u00e9n siendo entregadas por el operador de la p\u00e1gina en la que se encuentre en ese momento).<\/p>\n<p>&nbsp;<\/p>\n<p>Tenga en cuenta que configurar Flash Player para restringir o limitar la aceptaci\u00f3n de Flash Cookies puede reducir o impedir la funcionalidad de algunas aplicaciones Flash, incluidas, potencialmente, las aplicaciones Flash utilizadas en relaci\u00f3n con nuestros servicios o contenidos en l\u00ednea.<\/p>\n<p><strong>&nbsp;<\/strong><\/p>\n<p><strong>\u00bfSirven ustedes publicidad dirigida?<\/strong><\/p>\n<p>&nbsp;<\/p>\n<p>Terceras partes pueden servir cookies en su ordenador o dispositivo m\u00f3vil para servir publicidad a trav\u00e9s de nuestro Sitio Web. Estas empresas pueden utilizar informaci\u00f3n sobre sus visitas a este y otros sitios web con el fin de proporcionar anuncios relevantes sobre bienes y servicios en los que pueda estar interesado. Tambi\u00e9n pueden emplear tecnolog\u00eda que se utiliza para medir la eficacia de los anuncios. Pueden lograr esto utilizando cookies o balizas web para recopilar informaci\u00f3n sobre sus visitas a este y otros sitios con el fin de proporcionar anuncios relevantes sobre bienes y servicios de inter\u00e9s potencial para usted. La informaci\u00f3n recopilada a trav\u00e9s de este proceso no nos permite ni a nosotros ni a ellos identificar su nombre, datos de contacto u otros detalles que le identifiquen directamente, a menos que usted decida proporcionarlos.<\/p>\n<p><strong>&nbsp;<\/strong><\/p>\n<p><strong>\u00bfCon qu\u00e9 frecuencia actualizar\u00e1n esta Pol\u00edtica de Cookies?<\/strong><\/p>\n<p>&nbsp;<\/p>\n<p>Podemos actualizar esta Pol\u00edtica de Cookies de vez en cuando para reflejar, por ejemplo, los cambios en las cookies que utilizamos o por otras razones operativas, legales o reglamentarias. Por lo tanto, le rogamos que revise esta Pol\u00edtica de Cookies con regularidad para mantenerse informado sobre nuestro uso de las cookies y tecnolog\u00edas relacionadas.<\/p>\n<p>&nbsp;<\/p>\n<p>La fecha en la parte superior de esta Pol\u00edtica de Cookies indica cu\u00e1ndo se actualiz\u00f3 por \u00faltima vez.<\/p>\n<p><strong>&nbsp;<\/strong><\/p>\n<p><strong>\u00bfD\u00f3nde puedo obtener m\u00e1s informaci\u00f3n?<\/strong><\/p>\n<p>&nbsp;<\/p>\n<p>Si tiene alguna pregunta sobre nuestro uso de las cookies u otras tecnolog\u00edas, env\u00edenos un correo electr\u00f3nico a evalart@evelart.com o por correo postal a:<\/p>\n<p>&nbsp;<\/p>\n<p>Noosa Labs, Inc.<\/p>\n<p>382 NE 191st St, Miami, FL 33179, EE.UU.<\/p>\n<p>Miami, FL 33179<\/p>\n<p>Estados Unidos<\/p>","protected":false},"excerpt":{"rendered":"<p>POL\u00cdTICA DE COOKIES &nbsp; \u00daltima actualizaci\u00f3n: 06 de marzo de 2024 &nbsp; Esta Pol\u00edtica de cookies explica c\u00f3mo Noosa Labs, Inc. (\u00abEmpresa\u00ab, \u00abnosotros\u00ab, \u00abnos\u00bb y \u00abnuestro\u00ab) utiliza las cookies y tecnolog\u00edas similares para reconocerle cuando visita nuestro sitio web en https:\/\/evalart.pmgswebdraft.com (\u00abSitio web\u00ab). Le explicamos qu\u00e9 son estas tecnolog\u00edas y por qu\u00e9 las utilizamos, as\u00ed [&hellip;]<\/p>\n","protected":false},"author":25,"featured_media":0,"parent":0,"menu_order":0,"comment_status":"closed","ping_status":"closed","template":"","meta":{"_acf_changed":false,"inline_featured_image":false,"footnotes":""},"class_list":["post-4420","page","type-page","status-publish","hentry"],"acf":[],"yoast_head":"<!-- This site is optimized with the Yoast SEO plugin v25.5 - https:\/\/yoast.com\/wordpress\/plugins\/seo\/ -->\n<title>Pol\u00edtica de cookies - Evalart<\/title>\n<meta name=\"robots\" content=\"noindex, follow, max-snippet:-1, max-image-preview:large, max-video-preview:-1\" \/>\n<meta property=\"og:locale\" content=\"es_ES\" \/>\n<meta property=\"og:type\" content=\"article\" \/>\n<meta property=\"og:title\" content=\"Pol\u00edtica de cookies - Evalart\" \/>\n<meta property=\"og:description\" content=\"POL\u00cdTICA DE COOKIES &nbsp; \u00daltima actualizaci\u00f3n: 06 de marzo de 2024 &nbsp; Esta Pol\u00edtica de cookies explica c\u00f3mo Noosa Labs, Inc. (\u00abEmpresa\u00ab, \u00abnosotros\u00ab, \u00abnos\u00bb y \u00abnuestro\u00ab) utiliza las cookies y tecnolog\u00edas similares para reconocerle cuando visita nuestro sitio web en https:\/\/evalart.pmgswebdraft.com (\u00abSitio web\u00ab). Le explicamos qu\u00e9 son estas tecnolog\u00edas y por qu\u00e9 las utilizamos, as\u00ed [&hellip;]\" \/>\n<meta property=\"og:url\" content=\"https:\/\/evalart.pmgswebdraft.com\/es\/cookie-policy\/\" \/>\n<meta property=\"og:site_name\" content=\"Evalart\" \/>\n<meta property=\"article:modified_time\" content=\"2025-07-31T18:58:49+00:00\" \/>\n<meta name=\"twitter:card\" content=\"summary_large_image\" \/>\n<script type=\"application\/ld+json\" class=\"yoast-schema-graph\">{\"@context\":\"https:\/\/schema.org\",\"@graph\":[{\"@type\":\"WebPage\",\"@id\":\"https:\/\/evalart.pmgswebdraft.com\/es\/cookie-policy\/\",\"url\":\"https:\/\/evalart.pmgswebdraft.com\/es\/cookie-policy\/\",\"name\":\"Pol\u00edtica de cookies - Evalart\",\"isPartOf\":{\"@id\":\"https:\/\/evalart.pmgswebdraft.com\/es\/#website\"},\"datePublished\":\"2025-01-17T06:23:02+00:00\",\"dateModified\":\"2025-07-31T18:58:49+00:00\",\"breadcrumb\":{\"@id\":\"https:\/\/evalart.pmgswebdraft.com\/es\/cookie-policy\/#breadcrumb\"},\"inLanguage\":\"es\",\"potentialAction\":[{\"@type\":\"ReadAction\",\"target\":[[\"https:\/\/evalart.pmgswebdraft.com\/es\/cookie-policy\/\"]]}]},{\"@type\":\"BreadcrumbList\",\"@id\":\"https:\/\/evalart.pmgswebdraft.com\/es\/cookie-policy\/#breadcrumb\",\"itemListElement\":[{\"@type\":\"ListItem\",\"position\":1,\"name\":\"Portada\",\"item\":\"https:\/\/evalart.pmgswebdraft.com\/es\/\"},{\"@type\":\"ListItem\",\"position\":2,\"name\":\"Cookie Policy\"}]},{\"@type\":\"WebSite\",\"@id\":\"https:\/\/evalart.pmgswebdraft.com\/es\/#website\",\"url\":\"https:\/\/evalart.pmgswebdraft.com\/es\/\",\"name\":\"Evalart\",\"description\":\"Skills Assessment Platform for your Recruiting Process\",\"publisher\":{\"@id\":\"https:\/\/evalart.pmgswebdraft.com\/es\/#organization\"},\"potentialAction\":[{\"@type\":\"SearchAction\",\"target\":{\"@type\":\"EntryPoint\",\"urlTemplate\":\"https:\/\/evalart.pmgswebdraft.com\/es\/?s={search_term_string}\"},\"query-input\":{\"@type\":\"PropertyValueSpecification\",\"valueRequired\":true,\"valueName\":\"search_term_string\"}}],\"inLanguage\":\"es\"},{\"@type\":\"Organization\",\"@id\":\"https:\/\/evalart.pmgswebdraft.com\/es\/#organization\",\"name\":\"Evalart\",\"url\":\"https:\/\/evalart.pmgswebdraft.com\/es\/\",\"logo\":{\"@type\":\"ImageObject\",\"inLanguage\":\"es\",\"@id\":\"https:\/\/evalart.pmgswebdraft.com\/es\/#\/schema\/logo\/image\/\",\"url\":\"https:\/\/evalart.pmgswebdraft.com\/wp-content\/uploads\/2024\/03\/evalart-logo.svg\",\"contentUrl\":\"https:\/\/evalart.pmgswebdraft.com\/wp-content\/uploads\/2024\/03\/evalart-logo.svg\",\"caption\":\"Evalart\"},\"image\":{\"@id\":\"https:\/\/evalart.pmgswebdraft.com\/es\/#\/schema\/logo\/image\/\"}}]}<\/script>\n<!-- \/ Yoast SEO plugin. -->","yoast_head_json":{"title":"Pol\u00edtica de cookies - Evalart","robots":{"index":"noindex","follow":"follow","max-snippet":"max-snippet:-1","max-image-preview":"max-image-preview:large","max-video-preview":"max-video-preview:-1"},"og_locale":"es_ES","og_type":"article","og_title":"Pol\u00edtica de cookies - Evalart","og_description":"POL\u00cdTICA DE COOKIES &nbsp; \u00daltima actualizaci\u00f3n: 06 de marzo de 2024 &nbsp; Esta Pol\u00edtica de cookies explica c\u00f3mo Noosa Labs, Inc. (\u00abEmpresa\u00ab, \u00abnosotros\u00ab, \u00abnos\u00bb y \u00abnuestro\u00ab) utiliza las cookies y tecnolog\u00edas similares para reconocerle cuando visita nuestro sitio web en https:\/\/evalart.pmgswebdraft.com (\u00abSitio web\u00ab). Le explicamos qu\u00e9 son estas tecnolog\u00edas y por qu\u00e9 las utilizamos, as\u00ed [&hellip;]","og_url":"https:\/\/evalart.pmgswebdraft.com\/es\/cookie-policy\/","og_site_name":"Evalart","article_modified_time":"2025-07-31T18:58:49+00:00","twitter_card":"summary_large_image","schema":{"@context":"https:\/\/schema.org","@graph":[{"@type":"WebPage","@id":"https:\/\/evalart.pmgswebdraft.com\/es\/cookie-policy\/","url":"https:\/\/evalart.pmgswebdraft.com\/es\/cookie-policy\/","name":"Pol\u00edtica de cookies - Evalart","isPartOf":{"@id":"https:\/\/evalart.pmgswebdraft.com\/es\/#website"},"datePublished":"2025-01-17T06:23:02+00:00","dateModified":"2025-07-31T18:58:49+00:00","breadcrumb":{"@id":"https:\/\/evalart.pmgswebdraft.com\/es\/cookie-policy\/#breadcrumb"},"inLanguage":"es","potentialAction":[{"@type":"ReadAction","target":[["https:\/\/evalart.pmgswebdraft.com\/es\/cookie-policy\/"]]}]},{"@type":"BreadcrumbList","@id":"https:\/\/evalart.pmgswebdraft.com\/es\/cookie-policy\/#breadcrumb","itemListElement":[{"@type":"ListItem","position":1,"name":"Portada","item":"https:\/\/evalart.pmgswebdraft.com\/es\/"},{"@type":"ListItem","position":2,"name":"Cookie Policy"}]},{"@type":"WebSite","@id":"https:\/\/evalart.pmgswebdraft.com\/es\/#website","url":"https:\/\/evalart.pmgswebdraft.com\/es\/","name":"Evalart","description":"Skills Assessment Platform for your Recruiting Process","publisher":{"@id":"https:\/\/evalart.pmgswebdraft.com\/es\/#organization"},"potentialAction":[{"@type":"SearchAction","target":{"@type":"EntryPoint","urlTemplate":"https:\/\/evalart.pmgswebdraft.com\/es\/?s={search_term_string}"},"query-input":{"@type":"PropertyValueSpecification","valueRequired":true,"valueName":"search_term_string"}}],"inLanguage":"es"},{"@type":"Organization","@id":"https:\/\/evalart.pmgswebdraft.com\/es\/#organization","name":"Evalart","url":"https:\/\/evalart.pmgswebdraft.com\/es\/","logo":{"@type":"ImageObject","inLanguage":"es","@id":"https:\/\/evalart.pmgswebdraft.com\/es\/#\/schema\/logo\/image\/","url":"https:\/\/evalart.pmgswebdraft.com\/wp-content\/uploads\/2024\/03\/evalart-logo.svg","contentUrl":"https:\/\/evalart.pmgswebdraft.com\/wp-content\/uploads\/2024\/03\/evalart-logo.svg","caption":"Evalart"},"image":{"@id":"https:\/\/evalart.pmgswebdraft.com\/es\/#\/schema\/logo\/image\/"}}]}},"_links":{"self":[{"href":"https:\/\/evalart.pmgswebdraft.com\/es\/wp-json\/wp\/v2\/pages\/4420","targetHints":{"allow":["GET"]}}],"collection":[{"href":"https:\/\/evalart.pmgswebdraft.com\/es\/wp-json\/wp\/v2\/pages"}],"about":[{"href":"https:\/\/evalart.pmgswebdraft.com\/es\/wp-json\/wp\/v2\/types\/page"}],"author":[{"embeddable":true,"href":"https:\/\/evalart.pmgswebdraft.com\/es\/wp-json\/wp\/v2\/users\/25"}],"replies":[{"embeddable":true,"href":"https:\/\/evalart.pmgswebdraft.com\/es\/wp-json\/wp\/v2\/comments?post=4420"}],"version-history":[{"count":10,"href":"https:\/\/evalart.pmgswebdraft.com\/es\/wp-json\/wp\/v2\/pages\/4420\/revisions"}],"predecessor-version":[{"id":5002,"href":"https:\/\/evalart.pmgswebdraft.com\/es\/wp-json\/wp\/v2\/pages\/4420\/revisions\/5002"}],"wp:attachment":[{"href":"https:\/\/evalart.pmgswebdraft.com\/es\/wp-json\/wp\/v2\/media?parent=4420"}],"curies":[{"name":"wp","href":"https:\/\/api.w.org\/{rel}","templated":true}]}}