{"id":4428,"date":"2025-01-17T06:31:21","date_gmt":"2025-01-17T06:31:21","guid":{"rendered":"https:\/\/evalart.pmgswebdraft.com\/?page_id=4428"},"modified":"2025-04-21T14:22:58","modified_gmt":"2025-04-21T14:22:58","slug":"disclaimer","status":"publish","type":"page","link":"https:\/\/evalart.pmgswebdraft.com\/es\/disclaimer\/","title":{"rendered":"Aviso legal"},"content":{"rendered":"<p><strong>\u00daltima actualizaci\u00f3n 20 de diciembre de 2023<\/strong><\/p>\n<p>&nbsp;<\/p>\n<p>DESCARGO DE RESPONSABILIDAD DEL SITIO WEB<\/p>\n<p>&nbsp;<\/p>\n<p>La informaci\u00f3n proporcionada por Noosa Labs, Inc. (\u00ab<strong>nosotros<\/strong>\u00ab, \u00ab<strong>nos<\/strong>\u00bb o \u00ab<strong>nuestro<\/strong>\u00ab) en <a href=\"https:\/\/evalart.pmgswebdraft.com\">https:\/\/evalart.pmgswebdraft.com<\/a> (el \u00ab<strong>Sitio<\/strong>\u00ab) tiene \u00fanicamente fines informativos generales. Toda la informaci\u00f3n contenida en el Sitio se proporciona de buena fe, sin embargo no hacemos ninguna representaci\u00f3n o garant\u00eda de ning\u00fan tipo, expresa o impl\u00edcita, con respecto a la exactitud, adecuaci\u00f3n, validez, fiabilidad, disponibilidad o integridad de cualquier informaci\u00f3n en el Sitio. BAJO NINGUNA CIRCUNSTANCIA TENDREMOS RESPONSABILIDAD ALGUNA ANTE USTED POR CUALQUIER P\u00c9RDIDA O DA\u00d1O DE CUALQUIER TIPO INCURRIDO COMO RESULTADO DEL USO DEL SITIO O DE LA CONFIANZA DEPOSITADA EN CUALQUIER INFORMACI\u00d3N PROPORCIONADA EN EL SITIO. EL USO QUE USTED HAGA DEL SITIO Y LA CONFIANZA QUE DEPOSITE EN CUALQUIER INFORMACI\u00d3N CONTENIDA EN EL MISMO CORRE EXCLUSIVAMENTE POR SU CUENTA Y RIESGO.<\/p>\n<p>&nbsp;<\/p>\n<p><strong>DESCARGO DE RESPONSABILIDAD SOBRE ENLACES EXTERNOS<\/strong><\/p>\n<p>&nbsp;<\/p>\n<p>El Sitio puede contener (o a usted se le pueden enviar a trav\u00e9s del Sitio) enlaces a otros sitios web o contenidos pertenecientes a terceros o procedentes de ellos, o enlaces a sitios web y funciones en banners u otro tipo de publicidad. Nosotros no investigamos, supervisamos ni comprobamos la exactitud, adecuaci\u00f3n, validez, fiabilidad, disponibilidad o integridad de dichos enlaces externos. NO GARANTIZAMOS, AVALAMOS NI ASUMIMOS RESPONSABILIDAD ALGUNA POR LA EXACTITUD O FIABILIDAD DE LA INFORMACI\u00d3N OFRECIDA POR SITIOS WEB DE TERCEROS ENLAZADOS A TRAV\u00c9S DEL SITIO O POR CUALQUIER SITIO WEB O ELEMENTO ENLAZADO EN CUALQUIER BANNER U OTRO TIPO DE PUBLICIDAD. NO SEREMOS PARTE NI EN MODO ALGUNO RESPONSABLES DE SUPERVISAR NINGUNA TRANSACCI\u00d3N ENTRE USTED Y TERCEROS PROVEEDORES DE PRODUCTOS O SERVICIOS.<\/p>\n<p>&nbsp;<\/p>\n<p><strong>DESCARGO DE RESPONSABILIDAD SOBRE TESTIMONIOS<\/strong><\/p>\n<p>&nbsp;&nbsp;<\/p>\n<p>El Sitio puede contener testimonios de usuarios de nuestros productos y\/o servicios. Estos testimonios reflejan las experiencias y opiniones reales de dichos usuarios. Sin embargo, las experiencias son personales de esos usuarios en particular, y pueden no ser necesariamente representativas de todos los usuarios de nuestros productos y\/o servicios. No afirmamos, y usted no debe asumir, que todos los usuarios tendr\u00e1n las mismas experiencias. SUS RESULTADOS INDIVIDUALES PUEDEN VARIAR.<\/p>\n<p>&nbsp;<\/p>\n<p>Los testimonios que aparecen en el Sitio se presentan en diversas formas, como texto, audio y\/o video, y son revisados por nosotros antes de ser publicados. Aparecen en el Sitio textualmente tal y como los dieron los usuarios, salvo la correcci\u00f3n de errores gramaticales o tipogr\u00e1ficos. Algunos testimonios pueden haber sido acortados en aras de la brevedad cuando el testimonio completo conten\u00eda informaci\u00f3n superflua no relevante para el p\u00fablico en general.<\/p>\n<p>&nbsp;<\/p>\n<p>Los puntos de vista y opiniones contenidos en los testimonios pertenecen \u00fanicamente al usuario individual y no reflejan nuestros puntos de vista y opiniones. No estamos afiliados con los usuarios que proporcionan testimonios, y los usuarios no reciben ning\u00fan pago ni compensaci\u00f3n de otro tipo por sus testimonios.<\/p>","protected":false},"excerpt":{"rendered":"<p>\u00daltima actualizaci\u00f3n 20 de diciembre de 2023 &nbsp; DESCARGO DE RESPONSABILIDAD DEL SITIO WEB &nbsp; La informaci\u00f3n proporcionada por Noosa Labs, Inc. (\u00abnosotros\u00ab, \u00abnos\u00bb o \u00abnuestro\u00ab) en https:\/\/evalart.pmgswebdraft.com (el \u00abSitio\u00ab) tiene \u00fanicamente fines informativos generales. Toda la informaci\u00f3n contenida en el Sitio se proporciona de buena fe, sin embargo no hacemos ninguna representaci\u00f3n o garant\u00eda [&hellip;]<\/p>\n","protected":false},"author":25,"featured_media":0,"parent":0,"menu_order":0,"comment_status":"closed","ping_status":"closed","template":"","meta":{"_acf_changed":false,"inline_featured_image":false,"footnotes":""},"class_list":["post-4428","page","type-page","status-publish","hentry"],"acf":[],"yoast_head":"<!-- This site is optimized with the Yoast SEO plugin v25.5 - https:\/\/yoast.com\/wordpress\/plugins\/seo\/ -->\n<title>Aviso legal - Evalart<\/title>\n<meta name=\"robots\" content=\"noindex, follow, max-snippet:-1, max-image-preview:large, max-video-preview:-1\" \/>\n<meta property=\"og:locale\" content=\"es_ES\" \/>\n<meta property=\"og:type\" content=\"article\" \/>\n<meta property=\"og:title\" content=\"Aviso legal - Evalart\" \/>\n<meta property=\"og:description\" content=\"\u00daltima actualizaci\u00f3n 20 de diciembre de 2023 &nbsp; DESCARGO DE RESPONSABILIDAD DEL SITIO WEB &nbsp; La informaci\u00f3n proporcionada por Noosa Labs, Inc. (\u00abnosotros\u00ab, \u00abnos\u00bb o \u00abnuestro\u00ab) en https:\/\/evalart.pmgswebdraft.com (el \u00abSitio\u00ab) tiene \u00fanicamente fines informativos generales. Toda la informaci\u00f3n contenida en el Sitio se proporciona de buena fe, sin embargo no hacemos ninguna representaci\u00f3n o garant\u00eda [&hellip;]\" \/>\n<meta property=\"og:url\" content=\"https:\/\/evalart.pmgswebdraft.com\/es\/disclaimer\/\" \/>\n<meta property=\"og:site_name\" content=\"Evalart\" \/>\n<meta property=\"article:modified_time\" content=\"2025-04-21T14:22:58+00:00\" \/>\n<meta name=\"twitter:card\" content=\"summary_large_image\" \/>\n<meta name=\"twitter:label1\" content=\"Tiempo de lectura\" \/>\n\t<meta name=\"twitter:data1\" content=\"3 minutos\" \/>\n<script type=\"application\/ld+json\" class=\"yoast-schema-graph\">{\"@context\":\"https:\/\/schema.org\",\"@graph\":[{\"@type\":\"WebPage\",\"@id\":\"https:\/\/evalart.pmgswebdraft.com\/es\/disclaimer\/\",\"url\":\"https:\/\/evalart.pmgswebdraft.com\/es\/disclaimer\/\",\"name\":\"Aviso legal - Evalart\",\"isPartOf\":{\"@id\":\"https:\/\/evalart.pmgswebdraft.com\/es\/#website\"},\"datePublished\":\"2025-01-17T06:31:21+00:00\",\"dateModified\":\"2025-04-21T14:22:58+00:00\",\"breadcrumb\":{\"@id\":\"https:\/\/evalart.pmgswebdraft.com\/es\/disclaimer\/#breadcrumb\"},\"inLanguage\":\"es\",\"potentialAction\":[{\"@type\":\"ReadAction\",\"target\":[[\"https:\/\/evalart.pmgswebdraft.com\/es\/disclaimer\/\"]]}]},{\"@type\":\"BreadcrumbList\",\"@id\":\"https:\/\/evalart.pmgswebdraft.com\/es\/disclaimer\/#breadcrumb\",\"itemListElement\":[{\"@type\":\"ListItem\",\"position\":1,\"name\":\"Portada\",\"item\":\"https:\/\/evalart.pmgswebdraft.com\/es\/\"},{\"@type\":\"ListItem\",\"position\":2,\"name\":\"Disclaimer\"}]},{\"@type\":\"WebSite\",\"@id\":\"https:\/\/evalart.pmgswebdraft.com\/es\/#website\",\"url\":\"https:\/\/evalart.pmgswebdraft.com\/es\/\",\"name\":\"Evalart\",\"description\":\"Skills Assessment Platform for your Recruiting Process\",\"publisher\":{\"@id\":\"https:\/\/evalart.pmgswebdraft.com\/es\/#organization\"},\"potentialAction\":[{\"@type\":\"SearchAction\",\"target\":{\"@type\":\"EntryPoint\",\"urlTemplate\":\"https:\/\/evalart.pmgswebdraft.com\/es\/?s={search_term_string}\"},\"query-input\":{\"@type\":\"PropertyValueSpecification\",\"valueRequired\":true,\"valueName\":\"search_term_string\"}}],\"inLanguage\":\"es\"},{\"@type\":\"Organization\",\"@id\":\"https:\/\/evalart.pmgswebdraft.com\/es\/#organization\",\"name\":\"Evalart\",\"url\":\"https:\/\/evalart.pmgswebdraft.com\/es\/\",\"logo\":{\"@type\":\"ImageObject\",\"inLanguage\":\"es\",\"@id\":\"https:\/\/evalart.pmgswebdraft.com\/es\/#\/schema\/logo\/image\/\",\"url\":\"https:\/\/evalart.pmgswebdraft.com\/wp-content\/uploads\/2024\/03\/evalart-logo.svg\",\"contentUrl\":\"https:\/\/evalart.pmgswebdraft.com\/wp-content\/uploads\/2024\/03\/evalart-logo.svg\",\"caption\":\"Evalart\"},\"image\":{\"@id\":\"https:\/\/evalart.pmgswebdraft.com\/es\/#\/schema\/logo\/image\/\"}}]}<\/script>\n<!-- \/ Yoast SEO plugin. -->","yoast_head_json":{"title":"Aviso legal - Evalart","robots":{"index":"noindex","follow":"follow","max-snippet":"max-snippet:-1","max-image-preview":"max-image-preview:large","max-video-preview":"max-video-preview:-1"},"og_locale":"es_ES","og_type":"article","og_title":"Aviso legal - Evalart","og_description":"\u00daltima actualizaci\u00f3n 20 de diciembre de 2023 &nbsp; DESCARGO DE RESPONSABILIDAD DEL SITIO WEB &nbsp; La informaci\u00f3n proporcionada por Noosa Labs, Inc. (\u00abnosotros\u00ab, \u00abnos\u00bb o \u00abnuestro\u00ab) en https:\/\/evalart.pmgswebdraft.com (el \u00abSitio\u00ab) tiene \u00fanicamente fines informativos generales. Toda la informaci\u00f3n contenida en el Sitio se proporciona de buena fe, sin embargo no hacemos ninguna representaci\u00f3n o garant\u00eda [&hellip;]","og_url":"https:\/\/evalart.pmgswebdraft.com\/es\/disclaimer\/","og_site_name":"Evalart","article_modified_time":"2025-04-21T14:22:58+00:00","twitter_card":"summary_large_image","twitter_misc":{"Tiempo de lectura":"3 minutos"},"schema":{"@context":"https:\/\/schema.org","@graph":[{"@type":"WebPage","@id":"https:\/\/evalart.pmgswebdraft.com\/es\/disclaimer\/","url":"https:\/\/evalart.pmgswebdraft.com\/es\/disclaimer\/","name":"Aviso legal - Evalart","isPartOf":{"@id":"https:\/\/evalart.pmgswebdraft.com\/es\/#website"},"datePublished":"2025-01-17T06:31:21+00:00","dateModified":"2025-04-21T14:22:58+00:00","breadcrumb":{"@id":"https:\/\/evalart.pmgswebdraft.com\/es\/disclaimer\/#breadcrumb"},"inLanguage":"es","potentialAction":[{"@type":"ReadAction","target":[["https:\/\/evalart.pmgswebdraft.com\/es\/disclaimer\/"]]}]},{"@type":"BreadcrumbList","@id":"https:\/\/evalart.pmgswebdraft.com\/es\/disclaimer\/#breadcrumb","itemListElement":[{"@type":"ListItem","position":1,"name":"Portada","item":"https:\/\/evalart.pmgswebdraft.com\/es\/"},{"@type":"ListItem","position":2,"name":"Disclaimer"}]},{"@type":"WebSite","@id":"https:\/\/evalart.pmgswebdraft.com\/es\/#website","url":"https:\/\/evalart.pmgswebdraft.com\/es\/","name":"Evalart","description":"Skills Assessment Platform for your Recruiting Process","publisher":{"@id":"https:\/\/evalart.pmgswebdraft.com\/es\/#organization"},"potentialAction":[{"@type":"SearchAction","target":{"@type":"EntryPoint","urlTemplate":"https:\/\/evalart.pmgswebdraft.com\/es\/?s={search_term_string}"},"query-input":{"@type":"PropertyValueSpecification","valueRequired":true,"valueName":"search_term_string"}}],"inLanguage":"es"},{"@type":"Organization","@id":"https:\/\/evalart.pmgswebdraft.com\/es\/#organization","name":"Evalart","url":"https:\/\/evalart.pmgswebdraft.com\/es\/","logo":{"@type":"ImageObject","inLanguage":"es","@id":"https:\/\/evalart.pmgswebdraft.com\/es\/#\/schema\/logo\/image\/","url":"https:\/\/evalart.pmgswebdraft.com\/wp-content\/uploads\/2024\/03\/evalart-logo.svg","contentUrl":"https:\/\/evalart.pmgswebdraft.com\/wp-content\/uploads\/2024\/03\/evalart-logo.svg","caption":"Evalart"},"image":{"@id":"https:\/\/evalart.pmgswebdraft.com\/es\/#\/schema\/logo\/image\/"}}]}},"_links":{"self":[{"href":"https:\/\/evalart.pmgswebdraft.com\/es\/wp-json\/wp\/v2\/pages\/4428","targetHints":{"allow":["GET"]}}],"collection":[{"href":"https:\/\/evalart.pmgswebdraft.com\/es\/wp-json\/wp\/v2\/pages"}],"about":[{"href":"https:\/\/evalart.pmgswebdraft.com\/es\/wp-json\/wp\/v2\/types\/page"}],"author":[{"embeddable":true,"href":"https:\/\/evalart.pmgswebdraft.com\/es\/wp-json\/wp\/v2\/users\/25"}],"replies":[{"embeddable":true,"href":"https:\/\/evalart.pmgswebdraft.com\/es\/wp-json\/wp\/v2\/comments?post=4428"}],"version-history":[{"count":4,"href":"https:\/\/evalart.pmgswebdraft.com\/es\/wp-json\/wp\/v2\/pages\/4428\/revisions"}],"predecessor-version":[{"id":4709,"href":"https:\/\/evalart.pmgswebdraft.com\/es\/wp-json\/wp\/v2\/pages\/4428\/revisions\/4709"}],"wp:attachment":[{"href":"https:\/\/evalart.pmgswebdraft.com\/es\/wp-json\/wp\/v2\/media?parent=4428"}],"curies":[{"name":"wp","href":"https:\/\/api.w.org\/{rel}","templated":true}]}}