{"id":153,"date":"2016-11-28T12:48:49","date_gmt":"2016-11-28T12:48:49","guid":{"rendered":"https:\/\/evalart.pmgswebdraft.com\/?page_id=153"},"modified":"2022-08-10T05:18:49","modified_gmt":"2022-08-10T05:18:49","slug":"aptitude","status":"publish","type":"page","link":"https:\/\/evalart.pmgswebdraft.com\/pb\/aptitude\/","title":{"rendered":"Aptid\u00e3o"},"content":{"rendered":"<p>Os testes de aptid\u00e3o mensuram a capacidade de uma pessoa em diversas \u00e1reas. Com a Evalart, voc\u00ea ser\u00e1 capaz de medir a aptid\u00e3o de um potencial candidato em v\u00e1rios aspectos, como a aptid\u00e3o verbal, aptid\u00e3o num\u00e9rica, capacidade anal\u00edtica, intelig\u00eancia (QI), aten\u00e7\u00e3o aos detalhes, interpreta\u00e7\u00e3o de dados, entre outros.<\/p>\n<p>Ao contr\u00e1rio dos testes de conhecimento, que se baseiam mais na experi\u00eancia e n\u00edvel de estudo de quem est\u00e1 sendo analisado, os testes de aptid\u00e3o medem o potencial de sucesso do avaliado em determinada \u00e1rea.<\/p>\n<p>Por exemplo, um desenvolvedor deve ter habilidades anal\u00edticas, enquanto um especialista em Big Data deve ter habilidades de interpreta\u00e7\u00e3o de dados.<\/p>\n<p>Os testes online da Evalart s\u00e3o um excelente filtro para realizar uma pr\u00e9 sele\u00e7\u00e3o, que evitar\u00e1 o uso do tempo em entrevistas com candidatos que n\u00e3o possuem as habilidades necess\u00e1rias para o preenchimento da vaga, al\u00e9m de, identificar aqueles que, em contrapartida, podem ter um excelente desempenho naquela fun\u00e7\u00e3o.<\/p>\n<p>Testes de aptid\u00e3o s\u00e3o \u00f3timos para prever o desempenho futuro e s\u00e3o ideais como testes de primeira linha para reduzir o n\u00famero de candidatos no seu processo seletivo. Assim, dependendo do cargo para o qual o teste ser\u00e1 utilizado, \u00e9 poss\u00edvel reduzir o n\u00famero de candidatos para um ter\u00e7o ou menos. Como os testes s\u00e3o realizados online e corrigidos automaticamente, \u00e9 poss\u00edvel avaliar um grande n\u00famero de candidatos em um curto espa\u00e7o de tempo. Isso aumenta as chances de encontrar o candidato ideal, al\u00e9m de permitir que concentre seus esfor\u00e7os nos melhores candidatos para entrevistar apenas aqueles que passaram no filtro inicial do teste online.<\/p>\n<p>A Evalart inclui testes de profici\u00eancia prontos para o uso, al\u00e9m de uma biblioteca de perguntas na qual voc\u00ea pode criar seus pr\u00f3prios testes. Caso queira, \u00e9 poss\u00edvel criar os testes do zero, a partir das suas pr\u00f3prias perguntas. A Evalart oferece suporte a v\u00e1rios formatos de quest\u00f5es, como de alternativa \u00fanica ou m\u00faltipla escolha, imagens nas perguntas e\/ou respostas, e op\u00e7\u00f5es de texto livre.<\/p>","protected":false},"excerpt":{"rendered":"<p>Os testes de aptid\u00e3o mensuram a capacidade de uma pessoa em diversas \u00e1reas. Com a Evalart, voc\u00ea ser\u00e1 capaz de medir a aptid\u00e3o de um potencial candidato em v\u00e1rios aspectos, como a aptid\u00e3o verbal, aptid\u00e3o num\u00e9rica, capacidade anal\u00edtica, intelig\u00eancia (QI), aten\u00e7\u00e3o aos detalhes, interpreta\u00e7\u00e3o de dados, entre outros. Ao contr\u00e1rio dos testes de conhecimento, que [&hellip;]<\/p>\n","protected":false},"author":5,"featured_media":156,"parent":0,"menu_order":0,"comment_status":"closed","ping_status":"closed","template":"page-templates\/aptitude.php","meta":{"_acf_changed":false,"inline_featured_image":false,"footnotes":""},"class_list":["post-153","page","type-page","status-publish","has-post-thumbnail","hentry"],"acf":[],"yoast_head":"<!-- This site is optimized with the Yoast SEO plugin v25.5 - https:\/\/yoast.com\/wordpress\/plugins\/seo\/ -->\n<title>Online Aptitude Tests<\/title>\n<meta name=\"description\" content=\"With Evalart you can measure a person\u2019s aptitude in various aspects, such as verbal aptitude, numerical aptitude, analytical capacity, intelligence (IQ), attention to details, data interpretation, among others.\" \/>\n<meta name=\"robots\" content=\"noindex, follow, max-snippet:-1, max-image-preview:large, max-video-preview:-1\" \/>\n<meta property=\"og:locale\" content=\"pt_BR\" \/>\n<meta property=\"og:type\" content=\"article\" \/>\n<meta property=\"og:title\" content=\"Online Aptitude Tests\" \/>\n<meta property=\"og:description\" content=\"With Evalart you can measure a person\u2019s aptitude in various aspects, such as verbal aptitude, numerical aptitude, analytical capacity, intelligence (IQ), attention to details, data interpretation, among others.\" \/>\n<meta property=\"og:url\" content=\"https:\/\/evalart.pmgswebdraft.com\/pb\/aptitude\/\" \/>\n<meta property=\"og:site_name\" content=\"Evalart\" \/>\n<meta property=\"article:modified_time\" content=\"2022-08-10T05:18:49+00:00\" \/>\n<meta property=\"og:image\" content=\"https:\/\/evalart.pmgswebdraft.com\/wp-content\/uploads\/2016\/11\/atd-img.jpg\" \/>\n\t<meta property=\"og:image:width\" content=\"353\" \/>\n\t<meta property=\"og:image:height\" content=\"222\" \/>\n\t<meta property=\"og:image:type\" content=\"image\/jpeg\" \/>\n<meta name=\"twitter:card\" content=\"summary_large_image\" \/>\n<meta name=\"twitter:label1\" content=\"Est. tempo de leitura\" \/>\n\t<meta name=\"twitter:data1\" content=\"2 minutos\" \/>\n<script type=\"application\/ld+json\" class=\"yoast-schema-graph\">{\"@context\":\"https:\/\/schema.org\",\"@graph\":[{\"@type\":\"WebPage\",\"@id\":\"https:\/\/evalart.pmgswebdraft.com\/pb\/aptitude\/\",\"url\":\"https:\/\/evalart.pmgswebdraft.com\/pb\/aptitude\/\",\"name\":\"Online Aptitude Tests\",\"isPartOf\":{\"@id\":\"https:\/\/evalart.pmgswebdraft.com\/pb\/#website\"},\"primaryImageOfPage\":{\"@id\":\"https:\/\/evalart.pmgswebdraft.com\/pb\/aptitude\/#primaryimage\"},\"image\":{\"@id\":\"https:\/\/evalart.pmgswebdraft.com\/aptitude\/#primaryimage\"},\"thumbnailUrl\":\"https:\/\/evalart.pmgswebdraft.com\/wp-content\/uploads\/2016\/11\/atd-img.jpg\",\"datePublished\":\"2016-11-28T12:48:49+00:00\",\"dateModified\":\"2022-08-10T05:18:49+00:00\",\"description\":\"With Evalart you can measure a person\u2019s aptitude in various aspects, such as verbal aptitude, numerical aptitude, analytical capacity, intelligence (IQ), attention to details, data interpretation, among others.\",\"breadcrumb\":{\"@id\":\"https:\/\/evalart.pmgswebdraft.com\/pb\/aptitude\/#breadcrumb\"},\"inLanguage\":\"pt-BR\",\"potentialAction\":[{\"@type\":\"ReadAction\",\"target\":[[\"https:\/\/evalart.pmgswebdraft.com\/pb\/aptitude\/\"]]}]},{\"@type\":\"ImageObject\",\"inLanguage\":\"pt-BR\",\"@id\":\"https:\/\/evalart.pmgswebdraft.com\/pb\/aptitude\/#primaryimage\",\"url\":\"https:\/\/evalart.pmgswebdraft.com\/wp-content\/uploads\/2016\/11\/atd-img.jpg\",\"contentUrl\":\"https:\/\/evalart.pmgswebdraft.com\/wp-content\/uploads\/2016\/11\/atd-img.jpg\",\"width\":353,\"height\":222},{\"@type\":\"BreadcrumbList\",\"@id\":\"https:\/\/evalart.pmgswebdraft.com\/pb\/aptitude\/#breadcrumb\",\"itemListElement\":[{\"@type\":\"ListItem\",\"position\":1,\"name\":\"Portada\",\"item\":\"https:\/\/evalart.pmgswebdraft.com\/pb\/\"},{\"@type\":\"ListItem\",\"position\":2,\"name\":\"Aptitude\"}]},{\"@type\":\"WebSite\",\"@id\":\"https:\/\/evalart.pmgswebdraft.com\/pb\/#website\",\"url\":\"https:\/\/evalart.pmgswebdraft.com\/pb\/\",\"name\":\"Evalart\",\"description\":\"Skills Assessment Platform for your Recruiting Process\",\"publisher\":{\"@id\":\"https:\/\/evalart.pmgswebdraft.com\/pb\/#organization\"},\"potentialAction\":[{\"@type\":\"SearchAction\",\"target\":{\"@type\":\"EntryPoint\",\"urlTemplate\":\"https:\/\/evalart.pmgswebdraft.com\/pb\/?s={search_term_string}\"},\"query-input\":{\"@type\":\"PropertyValueSpecification\",\"valueRequired\":true,\"valueName\":\"search_term_string\"}}],\"inLanguage\":\"pt-BR\"},{\"@type\":\"Organization\",\"@id\":\"https:\/\/evalart.pmgswebdraft.com\/pb\/#organization\",\"name\":\"Evalart\",\"url\":\"https:\/\/evalart.pmgswebdraft.com\/pb\/\",\"logo\":{\"@type\":\"ImageObject\",\"inLanguage\":\"pt-BR\",\"@id\":\"https:\/\/evalart.pmgswebdraft.com\/pb\/#\/schema\/logo\/image\/\",\"url\":\"https:\/\/evalart.pmgswebdraft.com\/wp-content\/uploads\/2024\/03\/evalart-logo.svg\",\"contentUrl\":\"https:\/\/evalart.pmgswebdraft.com\/wp-content\/uploads\/2024\/03\/evalart-logo.svg\",\"caption\":\"Evalart\"},\"image\":{\"@id\":\"https:\/\/evalart.pmgswebdraft.com\/pb\/#\/schema\/logo\/image\/\"}}]}<\/script>\n<!-- \/ Yoast SEO plugin. -->","yoast_head_json":{"title":"Online Aptitude Tests","description":"With Evalart you can measure a person\u2019s aptitude in various aspects, such as verbal aptitude, numerical aptitude, analytical capacity, intelligence (IQ), attention to details, data interpretation, among others.","robots":{"index":"noindex","follow":"follow","max-snippet":"max-snippet:-1","max-image-preview":"max-image-preview:large","max-video-preview":"max-video-preview:-1"},"og_locale":"pt_BR","og_type":"article","og_title":"Online Aptitude Tests","og_description":"With Evalart you can measure a person\u2019s aptitude in various aspects, such as verbal aptitude, numerical aptitude, analytical capacity, intelligence (IQ), attention to details, data interpretation, among others.","og_url":"https:\/\/evalart.pmgswebdraft.com\/pb\/aptitude\/","og_site_name":"Evalart","article_modified_time":"2022-08-10T05:18:49+00:00","og_image":[{"width":353,"height":222,"url":"https:\/\/evalart.pmgswebdraft.com\/wp-content\/uploads\/2016\/11\/atd-img.jpg","type":"image\/jpeg"}],"twitter_card":"summary_large_image","twitter_misc":{"Est. tempo de leitura":"2 minutos"},"schema":{"@context":"https:\/\/schema.org","@graph":[{"@type":"WebPage","@id":"https:\/\/evalart.pmgswebdraft.com\/pb\/aptitude\/","url":"https:\/\/evalart.pmgswebdraft.com\/pb\/aptitude\/","name":"Online Aptitude Tests","isPartOf":{"@id":"https:\/\/evalart.pmgswebdraft.com\/pb\/#website"},"primaryImageOfPage":{"@id":"https:\/\/evalart.pmgswebdraft.com\/pb\/aptitude\/#primaryimage"},"image":{"@id":"https:\/\/evalart.pmgswebdraft.com\/aptitude\/#primaryimage"},"thumbnailUrl":"https:\/\/evalart.pmgswebdraft.com\/wp-content\/uploads\/2016\/11\/atd-img.jpg","datePublished":"2016-11-28T12:48:49+00:00","dateModified":"2022-08-10T05:18:49+00:00","description":"With Evalart you can measure a person\u2019s aptitude in various aspects, such as verbal aptitude, numerical aptitude, analytical capacity, intelligence (IQ), attention to details, data interpretation, among others.","breadcrumb":{"@id":"https:\/\/evalart.pmgswebdraft.com\/pb\/aptitude\/#breadcrumb"},"inLanguage":"pt-BR","potentialAction":[{"@type":"ReadAction","target":[["https:\/\/evalart.pmgswebdraft.com\/pb\/aptitude\/"]]}]},{"@type":"ImageObject","inLanguage":"pt-BR","@id":"https:\/\/evalart.pmgswebdraft.com\/pb\/aptitude\/#primaryimage","url":"https:\/\/evalart.pmgswebdraft.com\/wp-content\/uploads\/2016\/11\/atd-img.jpg","contentUrl":"https:\/\/evalart.pmgswebdraft.com\/wp-content\/uploads\/2016\/11\/atd-img.jpg","width":353,"height":222},{"@type":"BreadcrumbList","@id":"https:\/\/evalart.pmgswebdraft.com\/pb\/aptitude\/#breadcrumb","itemListElement":[{"@type":"ListItem","position":1,"name":"Portada","item":"https:\/\/evalart.pmgswebdraft.com\/pb\/"},{"@type":"ListItem","position":2,"name":"Aptitude"}]},{"@type":"WebSite","@id":"https:\/\/evalart.pmgswebdraft.com\/pb\/#website","url":"https:\/\/evalart.pmgswebdraft.com\/pb\/","name":"Evalart","description":"Skills Assessment Platform for your Recruiting Process","publisher":{"@id":"https:\/\/evalart.pmgswebdraft.com\/pb\/#organization"},"potentialAction":[{"@type":"SearchAction","target":{"@type":"EntryPoint","urlTemplate":"https:\/\/evalart.pmgswebdraft.com\/pb\/?s={search_term_string}"},"query-input":{"@type":"PropertyValueSpecification","valueRequired":true,"valueName":"search_term_string"}}],"inLanguage":"pt-BR"},{"@type":"Organization","@id":"https:\/\/evalart.pmgswebdraft.com\/pb\/#organization","name":"Evalart","url":"https:\/\/evalart.pmgswebdraft.com\/pb\/","logo":{"@type":"ImageObject","inLanguage":"pt-BR","@id":"https:\/\/evalart.pmgswebdraft.com\/pb\/#\/schema\/logo\/image\/","url":"https:\/\/evalart.pmgswebdraft.com\/wp-content\/uploads\/2024\/03\/evalart-logo.svg","contentUrl":"https:\/\/evalart.pmgswebdraft.com\/wp-content\/uploads\/2024\/03\/evalart-logo.svg","caption":"Evalart"},"image":{"@id":"https:\/\/evalart.pmgswebdraft.com\/pb\/#\/schema\/logo\/image\/"}}]}},"_links":{"self":[{"href":"https:\/\/evalart.pmgswebdraft.com\/pb\/wp-json\/wp\/v2\/pages\/153","targetHints":{"allow":["GET"]}}],"collection":[{"href":"https:\/\/evalart.pmgswebdraft.com\/pb\/wp-json\/wp\/v2\/pages"}],"about":[{"href":"https:\/\/evalart.pmgswebdraft.com\/pb\/wp-json\/wp\/v2\/types\/page"}],"author":[{"embeddable":true,"href":"https:\/\/evalart.pmgswebdraft.com\/pb\/wp-json\/wp\/v2\/users\/5"}],"replies":[{"embeddable":true,"href":"https:\/\/evalart.pmgswebdraft.com\/pb\/wp-json\/wp\/v2\/comments?post=153"}],"version-history":[{"count":11,"href":"https:\/\/evalart.pmgswebdraft.com\/pb\/wp-json\/wp\/v2\/pages\/153\/revisions"}],"predecessor-version":[{"id":2374,"href":"https:\/\/evalart.pmgswebdraft.com\/pb\/wp-json\/wp\/v2\/pages\/153\/revisions\/2374"}],"wp:featuredmedia":[{"embeddable":true,"href":"https:\/\/evalart.pmgswebdraft.com\/pb\/wp-json\/wp\/v2\/media\/156"}],"wp:attachment":[{"href":"https:\/\/evalart.pmgswebdraft.com\/pb\/wp-json\/wp\/v2\/media?parent=153"}],"curies":[{"name":"wp","href":"https:\/\/api.w.org\/{rel}","templated":true}]}}