{"id":451,"date":"2017-03-22T15:02:14","date_gmt":"2017-03-22T15:02:14","guid":{"rendered":"https:\/\/evalart.pmgswebdraft.com\/?page_id=451"},"modified":"2025-07-31T07:12:07","modified_gmt":"2025-07-31T07:12:07","slug":"preguntas-frecuentes","status":"publish","type":"page","link":"https:\/\/evalart.pmgswebdraft.com\/pb\/preguntas-frecuentes\/","title":{"rendered":"Perguntas Frequentes"},"content":{"rendered":"<p class=\"qtranxs-available-languages-message qtranxs-available-languages-message-pb\">Desculpe-nos, mas este texto est\u00e1 apenas dispon\u00edvel em <a href=\"https:\/\/evalart.pmgswebdraft.com\/en\/wp-json\/wp\/v2\/pages\/451\" class=\"qtranxs-available-language-link qtranxs-available-language-link-en\" title=\"English\">English<\/a> y <a href=\"https:\/\/evalart.pmgswebdraft.com\/es\/wp-json\/wp\/v2\/pages\/451\" class=\"qtranxs-available-language-link qtranxs-available-language-link-es\" title=\"Espa\u00f1ol\">Espa\u00f1ol<\/a>.<\/p><style>.ewd-ufaq-post-margin-symbol { border-width: 1px !important; }.ewd-ufaq-faq-title .ewd-ufaq-post-margin-symbol span { font-size: 20px !important; }div.ewd-ufaq-faq-post p { margin: 0 4cm 0 1cm !important; }div.ewd-ufaq-faq-post p {\r\n  margin: 0 0 15px !important;\r\n}<\/style><div id='ewd-ufaq-jquery-ajax-search'>\n\n\t<label class='ewd-ufaq-field-label' for='ewd-ufaq-text-search'>\n\t\t:\n\t<\/label>\n\n\t\n\t<div class=\"search-field\">\n\t\t<input\n\t\t\tid='ewd-ufaq-text-search'\n\t\t\ttype='search'\n\t\t\tclass='ewd-ufaq-text-input ewd-ufaq-text-auto-complete'\n\t\t\tplaceholder='Start typing a word'\n\t\t\tvalue='' \/>\n\t\t<button type=\"button\" class=\"clear-field\" data-state=\"hidden\">x<\/button>\n\t<\/div>\n\n\t\n<\/div><div  class=\"ewd-ufaq-faq-list ewd-ufaq-page-type-load_more ewd-ufaq-search\" id='ewd-ufaq-faq-list'>\n\n\t<input type='hidden' name='show_on_load' value='Yes' id='ewd-ufaq-show-on-load' \/>\n<input type='hidden' name='include_category' value='candidate-guide' id='ewd-ufaq-include-category' \/>\n<input type='hidden' name='exclude_category' value='' id='ewd-ufaq-exclude-category' \/>\n<input type='hidden' name='orderby' value='date' id='ewd-ufaq-orderby' \/>\n<input type='hidden' name='order' value='asc' id='ewd-ufaq-order' \/>\n<input type='hidden' name='post_count' value='-1' id='ewd-ufaq-post-count' \/>\n<input type='hidden' name='current_url' value='\/pb\/wp-json\/wp\/v2\/pages\/451' id='ewd-ufaq-current-url' \/>\n\t\n\t\n\t<div class='ewd-ufaq-faqs'>\n\n\t\t<div id='ewd-ufaq-faq-category-candidate-guide' class='ewd-ufaq-faq-category'>\n\t\n\t<div class='ewd-ufaq-faq-category-title '  >\n\t\t\n\t\t<h4 title=\"Click here to open Guia do Candidato\">\n\t\t\tGuia do Candidato\t\t\t\t\t<\/h4>\n\t\n\t<\/div>\n\t\n\t<div class='ewd-ufaq-faq-category-inner ' >\n<div  class=\"ewd-ufaq-faq-div ewd-ufaq-faq-column-count-one ewd-ufaq-faq-responsive-columns- ewd-ufaq-faq-display-style-one ewd-ufaq-can-be-toggled\" id='ewd-ufaq-post-4128-uSqxAs0Jx5' data-post_id='4128'>\n\n\t<div class='ewd-ufaq-faq-title ewd-ufaq-faq-toggle'>\n\t\n\t<a class='ewd-ufaq-post-margin'  href='#' role=\"button\">\n\n\t\t<div class='ewd-ufaq-post-margin-symbol ewd-ufaq-square'>\n\t\t\t<span >a<\/span>\n\t\t<\/div>\n\n\t\t<div class='ewd-ufaq-faq-title-text'>\n\n\t\t\t<h4>\n\t\t\t\tO que posso fazer se n\u00e3o conseguir iniciar um teste enviado para meu e-mail?\t\t\t<\/h4>\n\n\t\t<\/div>\n\n\t\t<div class='ewd-ufaq-clear'><\/div>\n\n\t<\/a>\n\t\n<\/div>\n\t\n\t<div class='ewd-ufaq-faq-body ewd-ufaq-hidden' >\n\n\t\t\n\t\t\t\n\t\t\n\t\t\t<div class='ewd-ufaq-post-margin ewd-ufaq-faq-post'>\n\t<p>Se voc\u00ea tiver problemas para iniciar um teste recebido por e-mail, recomendamos verificar o seguinte:<\/p>\n<ul>\n<li><strong>Link v\u00e1lido:<\/strong> Certifique-se de que est\u00e1 utilizando o link correto enviado no e-mail.<\/li>\n<li><strong>Data de vencimento:<\/strong> Alguns testes t\u00eam prazo limite para serem conclu\u00eddos. Confirme se o teste ainda est\u00e1 ativo.<\/li>\n<li><strong>Navegador e conex\u00e3o:<\/strong> Tente abrir o teste em um navegador atualizado e certifique-se de ter uma conex\u00e3o de internet est\u00e1vel.<\/li>\n<\/ul>\n<p>Se o problema persistir, entre em contato com a equipe de suporte pelo e-mail <strong>cpimentel@evalart.pmgswebdraft.com<\/strong> ou com o recrutador que enviou o teste para obter mais ajuda.<\/p>\n<\/div>\n\t\t\n\t\t\t<div class='ewd-ufaq-faq-custom-fields'>\n\n\t\n<\/div>\n\t\t\n\t\t\t\n\t\t\n\t\t\t\n\t\t\n\t\t\t\n\t\t\n\t\t\t\n\t\t\n\t\t\t\n\t\t\n\t\t\t\n\t\t\n\t\t\t\n\t\t\n\t<\/div>\n\n<\/div><div  class=\"ewd-ufaq-faq-div ewd-ufaq-faq-column-count-one ewd-ufaq-faq-responsive-columns- ewd-ufaq-faq-display-style-one ewd-ufaq-can-be-toggled\" id='ewd-ufaq-post-4130-qgF8sLYBcx' data-post_id='4130'>\n\n\t<div class='ewd-ufaq-faq-title ewd-ufaq-faq-toggle'>\n\t\n\t<a class='ewd-ufaq-post-margin'  href='#' role=\"button\">\n\n\t\t<div class='ewd-ufaq-post-margin-symbol ewd-ufaq-square'>\n\t\t\t<span >a<\/span>\n\t\t<\/div>\n\n\t\t<div class='ewd-ufaq-faq-title-text'>\n\n\t\t\t<h4>\n\t\t\t\tPosso consultar a internet enquanto fa\u00e7o o teste?\t\t\t<\/h4>\n\n\t\t<\/div>\n\n\t\t<div class='ewd-ufaq-clear'><\/div>\n\n\t<\/a>\n\t\n<\/div>\n\t\n\t<div class='ewd-ufaq-faq-body ewd-ufaq-hidden' >\n\n\t\t\n\t\t\t\n\t\t\n\t\t\t<div class='ewd-ufaq-post-margin ewd-ufaq-faq-post'>\n\t<p>N\u00e3o, voc\u00ea n\u00e3o deve utilizar nenhum tipo de aux\u00edlio durante o teste, a menos que o teste ou a quest\u00e3o indique explicitamente (nesse caso, ser\u00e1 informado exatamente quais consultas podem ser feitas). O objetivo desses testes \u00e9 determinar se o candidato se encaixa no perfil e, caso positivo, continuar com o processo. Pedir ajuda ou usar a internet para buscar respostas apenas far\u00e1 com que tanto o avaliador quanto o candidato percam tempo em testes posteriores, onde controles mais rigorosos podem ser aplicados.<\/p>\n<div id=\"simple-translate\" class=\"simple-translate-system-theme\">\n<div>\n<div class=\"simple-translate-button isShow\" style=\"height: 22px;width: 22px;top: 54px;left: -51px\">\u00a0<\/div>\n<div class=\"simple-translate-panel \" style=\"width: 300px;height: 200px;top: 0px;left: 0px;font-size: 13px\">\n<div class=\"simple-translate-result-wrapper\" style=\"overflow: hidden\">\n<div class=\"simple-translate-move\">\u00a0<\/div>\n<div class=\"simple-translate-result-contents\">\n<p class=\"simple-translate-result\" dir=\"auto\">\u00a0<\/p>\n<p class=\"simple-translate-candidate\" dir=\"auto\">\u00a0<\/p>\n<\/div>\n<\/div>\n<\/div>\n<\/div>\n<\/div>\n<\/div>\n\t\t\n\t\t\t<div class='ewd-ufaq-faq-custom-fields'>\n\n\t\n<\/div>\n\t\t\n\t\t\t\n\t\t\n\t\t\t\n\t\t\n\t\t\t\n\t\t\n\t\t\t\n\t\t\n\t\t\t\n\t\t\n\t\t\t\n\t\t\n\t\t\t\n\t\t\n\t<\/div>\n\n<\/div><div  class=\"ewd-ufaq-faq-div ewd-ufaq-faq-column-count-one ewd-ufaq-faq-responsive-columns- ewd-ufaq-faq-display-style-one ewd-ufaq-can-be-toggled\" id='ewd-ufaq-post-4131-V6U6HfcNdZ' data-post_id='4131'>\n\n\t<div class='ewd-ufaq-faq-title ewd-ufaq-faq-toggle'>\n\t\n\t<a class='ewd-ufaq-post-margin'  href='#' role=\"button\">\n\n\t\t<div class='ewd-ufaq-post-margin-symbol ewd-ufaq-square'>\n\t\t\t<span >a<\/span>\n\t\t<\/div>\n\n\t\t<div class='ewd-ufaq-faq-title-text'>\n\n\t\t\t<h4>\n\t\t\t\tDevo me preocupar em validar os dados de entrada no c\u00f3digo que escrevo?\t\t\t<\/h4>\n\n\t\t<\/div>\n\n\t\t<div class='ewd-ufaq-clear'><\/div>\n\n\t<\/a>\n\t\n<\/div>\n\t\n\t<div class='ewd-ufaq-faq-body ewd-ufaq-hidden' >\n\n\t\t\n\t\t\t\n\t\t\n\t\t\t<div class='ewd-ufaq-post-margin ewd-ufaq-faq-post'>\n\t<p>N\u00e3o, voc\u00ea n\u00e3o deve escrever nenhuma valida\u00e7\u00e3o, a menos que a quest\u00e3o solicite explicitamente. Por exemplo, se uma quest\u00e3o pede para imprimir os primeiros n n\u00fameros primos e o c\u00f3digo pr\u00e9-definido inclui algo como:<\/p>\n<p>n = 5<\/p>\n<p>Ent\u00e3o n\u00e3o \u00e9 necess\u00e1rio validar se n \u00e9 um n\u00famero ou se n \u00e9 maior que zero, a menos que a quest\u00e3o informe explicitamente que algum tipo de valida\u00e7\u00e3o deve ser aplicado.<\/p>\n<\/div>\n\t\t\n\t\t\t<div class='ewd-ufaq-faq-custom-fields'>\n\n\t\n<\/div>\n\t\t\n\t\t\t\n\t\t\n\t\t\t\n\t\t\n\t\t\t\n\t\t\n\t\t\t\n\t\t\n\t\t\t\n\t\t\n\t\t\t\n\t\t\n\t\t\t\n\t\t\n\t<\/div>\n\n<\/div><div  class=\"ewd-ufaq-faq-div ewd-ufaq-faq-column-count-one ewd-ufaq-faq-responsive-columns- ewd-ufaq-faq-display-style-one ewd-ufaq-can-be-toggled\" id='ewd-ufaq-post-4132-kWGY4GIpo6' data-post_id='4132'>\n\n\t<div class='ewd-ufaq-faq-title ewd-ufaq-faq-toggle'>\n\t\n\t<a class='ewd-ufaq-post-margin'  href='#' role=\"button\">\n\n\t\t<div class='ewd-ufaq-post-margin-symbol ewd-ufaq-square'>\n\t\t\t<span >a<\/span>\n\t\t<\/div>\n\n\t\t<div class='ewd-ufaq-faq-title-text'>\n\n\t\t\t<h4>\n\t\t\t\tFiquei sem tempo, o que acontecer\u00e1 com meu teste?\t\t\t<\/h4>\n\n\t\t<\/div>\n\n\t\t<div class='ewd-ufaq-clear'><\/div>\n\n\t<\/a>\n\t\n<\/div>\n\t\n\t<div class='ewd-ufaq-faq-body ewd-ufaq-hidden' >\n\n\t\t\n\t\t\t\n\t\t\n\t\t\t<div class='ewd-ufaq-post-margin ewd-ufaq-faq-post'>\n\t<p>O teste ser\u00e1 avaliado com base nas quest\u00f5es que voc\u00ea conseguiu responder antes do t\u00e9rmino do tempo. Note que, mesmo quando o tempo do teste termina, voc\u00ea deve finalizar o teste. Se o tempo acabar enquanto voc\u00ea est\u00e1 realizando o teste, aparecer\u00e1 a op\u00e7\u00e3o de finalizar, e voc\u00ea deve confirmar a conclus\u00e3o. (Caso contr\u00e1rio, o teste ser\u00e1 considerado abandonado.)<br \/>\nSe, por algum motivo, voc\u00ea n\u00e3o conseguir concluir o teste e fechar o navegador antes de finalizar, quando o tempo expirar, o teste ser\u00e1 considerado abandonado.<\/p>\n<div id=\"simple-translate\" class=\"simple-translate-system-theme\">\n<div>\n<div class=\"simple-translate-button isShow\" style=\"height: 22px;width: 22px;top: 51px;left: -2px\">\u00a0<\/div>\n<div class=\"simple-translate-panel \" style=\"width: 300px;height: 200px;top: 0px;left: 0px;font-size: 13px\">\n<div class=\"simple-translate-result-wrapper\" style=\"overflow: hidden\">\n<div class=\"simple-translate-move\">\u00a0<\/div>\n<div class=\"simple-translate-result-contents\">\n<p class=\"simple-translate-result\" dir=\"auto\">\u00a0<\/p>\n<p class=\"simple-translate-candidate\" dir=\"auto\">\u00a0<\/p>\n<\/div>\n<\/div>\n<\/div>\n<\/div>\n<\/div>\n<\/div>\n\t\t\n\t\t\t<div class='ewd-ufaq-faq-custom-fields'>\n\n\t\n<\/div>\n\t\t\n\t\t\t\n\t\t\n\t\t\t\n\t\t\n\t\t\t\n\t\t\n\t\t\t\n\t\t\n\t\t\t\n\t\t\n\t\t\t\n\t\t\n\t\t\t\n\t\t\n\t<\/div>\n\n<\/div><div  class=\"ewd-ufaq-faq-div ewd-ufaq-faq-column-count-one ewd-ufaq-faq-responsive-columns- ewd-ufaq-faq-display-style-one ewd-ufaq-can-be-toggled\" id='ewd-ufaq-post-4133-U20duDK8gm' data-post_id='4133'>\n\n\t<div class='ewd-ufaq-faq-title ewd-ufaq-faq-toggle'>\n\t\n\t<a class='ewd-ufaq-post-margin'  href='#' role=\"button\">\n\n\t\t<div class='ewd-ufaq-post-margin-symbol ewd-ufaq-square'>\n\t\t\t<span >a<\/span>\n\t\t<\/div>\n\n\t\t<div class='ewd-ufaq-faq-title-text'>\n\n\t\t\t<h4>\n\t\t\t\tO que acontece se o link do meu teste expirar?\t\t\t<\/h4>\n\n\t\t<\/div>\n\n\t\t<div class='ewd-ufaq-clear'><\/div>\n\n\t<\/a>\n\t\n<\/div>\n\t\n\t<div class='ewd-ufaq-faq-body ewd-ufaq-hidden' >\n\n\t\t\n\t\t\t\n\t\t\n\t\t\t<div class='ewd-ufaq-post-margin ewd-ufaq-faq-post'>\n\t<p>Voc\u00ea precisar\u00e1 entrar em contato com o recrutador para solicitar a reinicializa\u00e7\u00e3o do teste.<\/p>\n<div id=\"simple-translate\" class=\"simple-translate-system-theme\">\n<div>\n<div class=\"simple-translate-button isShow\" style=\"height: 22px;width: 22px;top: 45px;left: 17px\">\u00a0<\/div>\n<div class=\"simple-translate-panel \" style=\"width: 300px;height: 200px;top: 0px;left: 0px;font-size: 13px\">\n<div class=\"simple-translate-result-wrapper\" style=\"overflow: hidden\">\n<div class=\"simple-translate-move\">\u00a0<\/div>\n<div class=\"simple-translate-result-contents\">\n<p class=\"simple-translate-result\" dir=\"auto\">\u00a0<\/p>\n<p class=\"simple-translate-candidate\" dir=\"auto\">\u00a0<\/p>\n<\/div>\n<\/div>\n<\/div>\n<\/div>\n<\/div>\n<\/div>\n\t\t\n\t\t\t<div class='ewd-ufaq-faq-custom-fields'>\n\n\t\n<\/div>\n\t\t\n\t\t\t\n\t\t\n\t\t\t\n\t\t\n\t\t\t\n\t\t\n\t\t\t\n\t\t\n\t\t\t\n\t\t\n\t\t\t\n\t\t\n\t\t\t\n\t\t\n\t<\/div>\n\n<\/div><div  class=\"ewd-ufaq-faq-div ewd-ufaq-faq-column-count-one ewd-ufaq-faq-responsive-columns- ewd-ufaq-faq-display-style-one ewd-ufaq-can-be-toggled\" id='ewd-ufaq-post-4134-A6azMr1dyG' data-post_id='4134'>\n\n\t<div class='ewd-ufaq-faq-title ewd-ufaq-faq-toggle'>\n\t\n\t<a class='ewd-ufaq-post-margin'  href='#' role=\"button\">\n\n\t\t<div class='ewd-ufaq-post-margin-symbol ewd-ufaq-square'>\n\t\t\t<span >a<\/span>\n\t\t<\/div>\n\n\t\t<div class='ewd-ufaq-faq-title-text'>\n\n\t\t\t<h4>\n\t\t\t\tPosso reiniciar um teste que j\u00e1 conclu\u00ed?\t\t\t<\/h4>\n\n\t\t<\/div>\n\n\t\t<div class='ewd-ufaq-clear'><\/div>\n\n\t<\/a>\n\t\n<\/div>\n\t\n\t<div class='ewd-ufaq-faq-body ewd-ufaq-hidden' >\n\n\t\t\n\t\t\t\n\t\t\n\t\t\t<div class='ewd-ufaq-post-margin ewd-ufaq-faq-post'>\n\t<p>N\u00e3o, uma vez conclu\u00eddo, o teste n\u00e3o pode ser reiniciado. Entre em contato com o recrutador se precisar de assist\u00eancia adicional.<\/p>\n<div id=\"simple-translate\" class=\"simple-translate-system-theme\">\n<div>\n<div class=\"simple-translate-button isShow\" style=\"height: 22px;width: 22px;top: 41px;left: 8px\">\u00a0<\/div>\n<div class=\"simple-translate-panel \" style=\"width: 300px;height: 200px;top: 0px;left: 0px;font-size: 13px\">\n<div class=\"simple-translate-result-wrapper\" style=\"overflow: hidden\">\n<div class=\"simple-translate-move\">\u00a0<\/div>\n<div class=\"simple-translate-result-contents\">\n<p class=\"simple-translate-result\" dir=\"auto\">\u00a0<\/p>\n<p class=\"simple-translate-candidate\" dir=\"auto\">\u00a0<\/p>\n<\/div>\n<\/div>\n<\/div>\n<\/div>\n<\/div>\n<\/div>\n\t\t\n\t\t\t<div class='ewd-ufaq-faq-custom-fields'>\n\n\t\n<\/div>\n\t\t\n\t\t\t\n\t\t\n\t\t\t\n\t\t\n\t\t\t\n\t\t\n\t\t\t\n\t\t\n\t\t\t\n\t\t\n\t\t\t\n\t\t\n\t\t\t\n\t\t\n\t<\/div>\n\n<\/div><div  class=\"ewd-ufaq-faq-div ewd-ufaq-faq-column-count-one ewd-ufaq-faq-responsive-columns- ewd-ufaq-faq-display-style-one ewd-ufaq-can-be-toggled\" id='ewd-ufaq-post-4135-LR9egEZ8Wy' data-post_id='4135'>\n\n\t<div class='ewd-ufaq-faq-title ewd-ufaq-faq-toggle'>\n\t\n\t<a class='ewd-ufaq-post-margin'  href='#' role=\"button\">\n\n\t\t<div class='ewd-ufaq-post-margin-symbol ewd-ufaq-square'>\n\t\t\t<span >a<\/span>\n\t\t<\/div>\n\n\t\t<div class='ewd-ufaq-faq-title-text'>\n\n\t\t\t<h4>\n\t\t\t\tPosso abandonar um processo e voltar mais tarde?\t\t\t<\/h4>\n\n\t\t<\/div>\n\n\t\t<div class='ewd-ufaq-clear'><\/div>\n\n\t<\/a>\n\t\n<\/div>\n\t\n\t<div class='ewd-ufaq-faq-body ewd-ufaq-hidden' >\n\n\t\t\n\t\t\t\n\t\t\n\t\t\t<div class='ewd-ufaq-post-margin ewd-ufaq-faq-post'>\n\t<p>N\u00e3o, uma vez que voc\u00ea abandona um processo selecionando a op\u00e7\u00e3o &#8220;N\u00e3o quero continuar neste processo&#8221;, n\u00e3o ser\u00e1 poss\u00edvel retornar.<\/p>\n<div id=\"simple-translate\" class=\"simple-translate-system-theme\">\n<div>\n<div class=\"simple-translate-button isShow\" style=\"height: 22px;width: 22px;top: 27px;left: 8px\">\u00a0<\/div>\n<div class=\"simple-translate-panel \" style=\"width: 300px;height: 200px;top: 0px;left: 0px;font-size: 13px\">\n<div class=\"simple-translate-result-wrapper\" style=\"overflow: hidden\">\n<div class=\"simple-translate-move\">\u00a0<\/div>\n<div class=\"simple-translate-result-contents\">\n<p class=\"simple-translate-result\" dir=\"auto\">\u00a0<\/p>\n<p class=\"simple-translate-candidate\" dir=\"auto\">\u00a0<\/p>\n<\/div>\n<\/div>\n<\/div>\n<\/div>\n<\/div>\n<\/div>\n\t\t\n\t\t\t<div class='ewd-ufaq-faq-custom-fields'>\n\n\t\n<\/div>\n\t\t\n\t\t\t\n\t\t\n\t\t\t\n\t\t\n\t\t\t\n\t\t\n\t\t\t\n\t\t\n\t\t\t\n\t\t\n\t\t\t\n\t\t\n\t\t\t\n\t\t\n\t<\/div>\n\n<\/div><div  class=\"ewd-ufaq-faq-div ewd-ufaq-faq-column-count-one ewd-ufaq-faq-responsive-columns- ewd-ufaq-faq-display-style-one ewd-ufaq-can-be-toggled\" id='ewd-ufaq-post-4136-ilUpIWkCTb' data-post_id='4136'>\n\n\t<div class='ewd-ufaq-faq-title ewd-ufaq-faq-toggle'>\n\t\n\t<a class='ewd-ufaq-post-margin'  href='#' role=\"button\">\n\n\t\t<div class='ewd-ufaq-post-margin-symbol ewd-ufaq-square'>\n\t\t\t<span >a<\/span>\n\t\t<\/div>\n\n\t\t<div class='ewd-ufaq-faq-title-text'>\n\n\t\t\t<h4>\n\t\t\t\tComo minha privacidade \u00e9 garantida durante o monitoramento por webcam?\t\t\t<\/h4>\n\n\t\t<\/div>\n\n\t\t<div class='ewd-ufaq-clear'><\/div>\n\n\t<\/a>\n\t\n<\/div>\n\t\n\t<div class='ewd-ufaq-faq-body ewd-ufaq-hidden' >\n\n\t\t\n\t\t\t\n\t\t\n\t\t\t<div class='ewd-ufaq-post-margin ewd-ufaq-faq-post'>\n\t<p>Os dados da webcam s\u00e3o criptografados e utilizados apenas para verifica\u00e7\u00e3o de identidade e detec\u00e7\u00e3o de fraudes durante o teste.<\/p>\n<div id=\"simple-translate\" class=\"simple-translate-system-theme\">\n<div>\n<div class=\"simple-translate-button isShow\" style=\"height: 22px;width: 22px;top: 30px;left: 15px\">\u00a0<\/div>\n<div class=\"simple-translate-panel \" style=\"width: 300px;height: 200px;top: 0px;left: 0px;font-size: 13px\">\n<div class=\"simple-translate-result-wrapper\" style=\"overflow: hidden\">\n<div class=\"simple-translate-move\">\u00a0<\/div>\n<div class=\"simple-translate-result-contents\">\n<p class=\"simple-translate-result\" dir=\"auto\">\u00a0<\/p>\n<p class=\"simple-translate-candidate\" dir=\"auto\">\u00a0<\/p>\n<\/div>\n<\/div>\n<\/div>\n<\/div>\n<\/div>\n<\/div>\n\t\t\n\t\t\t<div class='ewd-ufaq-faq-custom-fields'>\n\n\t\n<\/div>\n\t\t\n\t\t\t\n\t\t\n\t\t\t\n\t\t\n\t\t\t\n\t\t\n\t\t\t\n\t\t\n\t\t\t\n\t\t\n\t\t\t\n\t\t\n\t\t\t\n\t\t\n\t<\/div>\n\n<\/div><div  class=\"ewd-ufaq-faq-div ewd-ufaq-faq-column-count-one ewd-ufaq-faq-responsive-columns- ewd-ufaq-faq-display-style-one ewd-ufaq-can-be-toggled\" id='ewd-ufaq-post-4137-SgqDA31krj' data-post_id='4137'>\n\n\t<div class='ewd-ufaq-faq-title ewd-ufaq-faq-toggle'>\n\t\n\t<a class='ewd-ufaq-post-margin'  href='#' role=\"button\">\n\n\t\t<div class='ewd-ufaq-post-margin-symbol ewd-ufaq-square'>\n\t\t\t<span >a<\/span>\n\t\t<\/div>\n\n\t\t<div class='ewd-ufaq-faq-title-text'>\n\n\t\t\t<h4>\n\t\t\t\tPosso ver o resultado do meu teste ao finaliz\u00e1-lo?\t\t\t<\/h4>\n\n\t\t<\/div>\n\n\t\t<div class='ewd-ufaq-clear'><\/div>\n\n\t<\/a>\n\t\n<\/div>\n\t\n\t<div class='ewd-ufaq-faq-body ewd-ufaq-hidden' >\n\n\t\t\n\t\t\t\n\t\t\n\t\t\t<div class='ewd-ufaq-post-margin ewd-ufaq-faq-post'>\n\t<p>Em geral, o resultado s\u00f3 est\u00e1 vis\u00edvel para quem enviou o teste e n\u00e3o para quem o responde, embora alguns testes possam permitir que voc\u00ea veja o relat\u00f3rio de resultados.<\/p>\n<\/div>\n\t\t\n\t\t\t<div class='ewd-ufaq-faq-custom-fields'>\n\n\t\n<\/div>\n\t\t\n\t\t\t\n\t\t\n\t\t\t\n\t\t\n\t\t\t\n\t\t\n\t\t\t\n\t\t\n\t\t\t\n\t\t\n\t\t\t\n\t\t\n\t\t\t\n\t\t\n\t<\/div>\n\n<\/div><\/div>\n\n<\/div>\n\n\t<\/div>\n\n\t\n<\/div>","protected":false},"excerpt":{"rendered":"<p>A Posso ver o resultado do meu teste ao finaliz\u00e1-lo? Em geral, o resultado s\u00f3 est\u00e1 vis\u00edvel para quem enviou o teste e n\u00e3o para quem o responde, embora alguns testes possam permitir que voc\u00ea veja o relat\u00f3rio de resultados.<\/p>\n","protected":false},"author":5,"featured_media":0,"parent":0,"menu_order":0,"comment_status":"closed","ping_status":"closed","template":"","meta":{"_acf_changed":false,"inline_featured_image":false,"footnotes":""},"class_list":["post-451","page","type-page","status-publish","hentry"],"acf":[],"yoast_head":"<!-- This site is optimized with the Yoast SEO plugin v25.5 - https:\/\/yoast.com\/wordpress\/plugins\/seo\/ -->\n<title>Perguntas Frequentes - Evalart<\/title>\n<meta name=\"robots\" content=\"noindex, follow, max-snippet:-1, max-image-preview:large, max-video-preview:-1\" \/>\n<meta property=\"og:locale\" content=\"pt_BR\" \/>\n<meta property=\"og:type\" content=\"article\" \/>\n<meta property=\"og:title\" content=\"Perguntas Frequentes - Evalart\" \/>\n<meta property=\"og:description\" content=\"A Posso ver o resultado do meu teste ao finaliz\u00e1-lo? Em geral, o resultado s\u00f3 est\u00e1 vis\u00edvel para quem enviou o teste e n\u00e3o para quem o responde, embora alguns testes possam permitir que voc\u00ea veja o relat\u00f3rio de resultados.\" \/>\n<meta property=\"og:url\" content=\"https:\/\/evalart.pmgswebdraft.com\/pb\/preguntas-frecuentes\/\" \/>\n<meta property=\"og:site_name\" content=\"Evalart\" \/>\n<meta property=\"article:modified_time\" content=\"2025-07-31T07:12:07+00:00\" \/>\n<meta name=\"twitter:card\" content=\"summary_large_image\" \/>\n<meta name=\"twitter:label1\" content=\"Est. tempo de leitura\" \/>\n\t<meta name=\"twitter:data1\" content=\"1 minuto\" \/>\n<script type=\"application\/ld+json\" class=\"yoast-schema-graph\">{\"@context\":\"https:\/\/schema.org\",\"@graph\":[{\"@type\":\"WebPage\",\"@id\":\"https:\/\/evalart.pmgswebdraft.com\/pb\/preguntas-frecuentes\/\",\"url\":\"https:\/\/evalart.pmgswebdraft.com\/pb\/preguntas-frecuentes\/\",\"name\":\"Perguntas Frequentes - Evalart\",\"isPartOf\":{\"@id\":\"https:\/\/evalart.pmgswebdraft.com\/pb\/#website\"},\"datePublished\":\"2017-03-22T15:02:14+00:00\",\"dateModified\":\"2025-07-31T07:12:07+00:00\",\"breadcrumb\":{\"@id\":\"https:\/\/evalart.pmgswebdraft.com\/pb\/preguntas-frecuentes\/#breadcrumb\"},\"inLanguage\":\"pt-BR\",\"potentialAction\":[{\"@type\":\"ReadAction\",\"target\":[[\"https:\/\/evalart.pmgswebdraft.com\/pb\/preguntas-frecuentes\/\"]]}]},{\"@type\":\"BreadcrumbList\",\"@id\":\"https:\/\/evalart.pmgswebdraft.com\/pb\/preguntas-frecuentes\/#breadcrumb\",\"itemListElement\":[{\"@type\":\"ListItem\",\"position\":1,\"name\":\"Portada\",\"item\":\"https:\/\/evalart.pmgswebdraft.com\/pb\/\"},{\"@type\":\"ListItem\",\"position\":2,\"name\":\"Candidate FAQ\"}]},{\"@type\":\"WebSite\",\"@id\":\"https:\/\/evalart.pmgswebdraft.com\/pb\/#website\",\"url\":\"https:\/\/evalart.pmgswebdraft.com\/pb\/\",\"name\":\"Evalart\",\"description\":\"Skills Assessment Platform for your Recruiting Process\",\"publisher\":{\"@id\":\"https:\/\/evalart.pmgswebdraft.com\/pb\/#organization\"},\"potentialAction\":[{\"@type\":\"SearchAction\",\"target\":{\"@type\":\"EntryPoint\",\"urlTemplate\":\"https:\/\/evalart.pmgswebdraft.com\/pb\/?s={search_term_string}\"},\"query-input\":{\"@type\":\"PropertyValueSpecification\",\"valueRequired\":true,\"valueName\":\"search_term_string\"}}],\"inLanguage\":\"pt-BR\"},{\"@type\":\"Organization\",\"@id\":\"https:\/\/evalart.pmgswebdraft.com\/pb\/#organization\",\"name\":\"Evalart\",\"url\":\"https:\/\/evalart.pmgswebdraft.com\/pb\/\",\"logo\":{\"@type\":\"ImageObject\",\"inLanguage\":\"pt-BR\",\"@id\":\"https:\/\/evalart.pmgswebdraft.com\/pb\/#\/schema\/logo\/image\/\",\"url\":\"https:\/\/evalart.pmgswebdraft.com\/wp-content\/uploads\/2024\/03\/evalart-logo.svg\",\"contentUrl\":\"https:\/\/evalart.pmgswebdraft.com\/wp-content\/uploads\/2024\/03\/evalart-logo.svg\",\"caption\":\"Evalart\"},\"image\":{\"@id\":\"https:\/\/evalart.pmgswebdraft.com\/pb\/#\/schema\/logo\/image\/\"}}]}<\/script>\n<!-- \/ Yoast SEO plugin. -->","yoast_head_json":{"title":"Perguntas Frequentes - Evalart","robots":{"index":"noindex","follow":"follow","max-snippet":"max-snippet:-1","max-image-preview":"max-image-preview:large","max-video-preview":"max-video-preview:-1"},"og_locale":"pt_BR","og_type":"article","og_title":"Perguntas Frequentes - Evalart","og_description":"A Posso ver o resultado do meu teste ao finaliz\u00e1-lo? Em geral, o resultado s\u00f3 est\u00e1 vis\u00edvel para quem enviou o teste e n\u00e3o para quem o responde, embora alguns testes possam permitir que voc\u00ea veja o relat\u00f3rio de resultados.","og_url":"https:\/\/evalart.pmgswebdraft.com\/pb\/preguntas-frecuentes\/","og_site_name":"Evalart","article_modified_time":"2025-07-31T07:12:07+00:00","twitter_card":"summary_large_image","twitter_misc":{"Est. tempo de leitura":"1 minuto"},"schema":{"@context":"https:\/\/schema.org","@graph":[{"@type":"WebPage","@id":"https:\/\/evalart.pmgswebdraft.com\/pb\/preguntas-frecuentes\/","url":"https:\/\/evalart.pmgswebdraft.com\/pb\/preguntas-frecuentes\/","name":"Perguntas Frequentes - Evalart","isPartOf":{"@id":"https:\/\/evalart.pmgswebdraft.com\/pb\/#website"},"datePublished":"2017-03-22T15:02:14+00:00","dateModified":"2025-07-31T07:12:07+00:00","breadcrumb":{"@id":"https:\/\/evalart.pmgswebdraft.com\/pb\/preguntas-frecuentes\/#breadcrumb"},"inLanguage":"pt-BR","potentialAction":[{"@type":"ReadAction","target":[["https:\/\/evalart.pmgswebdraft.com\/pb\/preguntas-frecuentes\/"]]}]},{"@type":"BreadcrumbList","@id":"https:\/\/evalart.pmgswebdraft.com\/pb\/preguntas-frecuentes\/#breadcrumb","itemListElement":[{"@type":"ListItem","position":1,"name":"Portada","item":"https:\/\/evalart.pmgswebdraft.com\/pb\/"},{"@type":"ListItem","position":2,"name":"Candidate FAQ"}]},{"@type":"WebSite","@id":"https:\/\/evalart.pmgswebdraft.com\/pb\/#website","url":"https:\/\/evalart.pmgswebdraft.com\/pb\/","name":"Evalart","description":"Skills Assessment Platform for your Recruiting Process","publisher":{"@id":"https:\/\/evalart.pmgswebdraft.com\/pb\/#organization"},"potentialAction":[{"@type":"SearchAction","target":{"@type":"EntryPoint","urlTemplate":"https:\/\/evalart.pmgswebdraft.com\/pb\/?s={search_term_string}"},"query-input":{"@type":"PropertyValueSpecification","valueRequired":true,"valueName":"search_term_string"}}],"inLanguage":"pt-BR"},{"@type":"Organization","@id":"https:\/\/evalart.pmgswebdraft.com\/pb\/#organization","name":"Evalart","url":"https:\/\/evalart.pmgswebdraft.com\/pb\/","logo":{"@type":"ImageObject","inLanguage":"pt-BR","@id":"https:\/\/evalart.pmgswebdraft.com\/pb\/#\/schema\/logo\/image\/","url":"https:\/\/evalart.pmgswebdraft.com\/wp-content\/uploads\/2024\/03\/evalart-logo.svg","contentUrl":"https:\/\/evalart.pmgswebdraft.com\/wp-content\/uploads\/2024\/03\/evalart-logo.svg","caption":"Evalart"},"image":{"@id":"https:\/\/evalart.pmgswebdraft.com\/pb\/#\/schema\/logo\/image\/"}}]}},"_links":{"self":[{"href":"https:\/\/evalart.pmgswebdraft.com\/pb\/wp-json\/wp\/v2\/pages\/451","targetHints":{"allow":["GET"]}}],"collection":[{"href":"https:\/\/evalart.pmgswebdraft.com\/pb\/wp-json\/wp\/v2\/pages"}],"about":[{"href":"https:\/\/evalart.pmgswebdraft.com\/pb\/wp-json\/wp\/v2\/types\/page"}],"author":[{"embeddable":true,"href":"https:\/\/evalart.pmgswebdraft.com\/pb\/wp-json\/wp\/v2\/users\/5"}],"replies":[{"embeddable":true,"href":"https:\/\/evalart.pmgswebdraft.com\/pb\/wp-json\/wp\/v2\/comments?post=451"}],"version-history":[{"count":13,"href":"https:\/\/evalart.pmgswebdraft.com\/pb\/wp-json\/wp\/v2\/pages\/451\/revisions"}],"predecessor-version":[{"id":4995,"href":"https:\/\/evalart.pmgswebdraft.com\/pb\/wp-json\/wp\/v2\/pages\/451\/revisions\/4995"}],"wp:attachment":[{"href":"https:\/\/evalart.pmgswebdraft.com\/pb\/wp-json\/wp\/v2\/media?parent=451"}],"curies":[{"name":"wp","href":"https:\/\/api.w.org\/{rel}","templated":true}]}}