{"id":511,"date":"2017-05-13T00:00:27","date_gmt":"2017-05-13T00:00:27","guid":{"rendered":"https:\/\/evalart.pmgswebdraft.com\/?page_id=511"},"modified":"2020-09-01T18:51:43","modified_gmt":"2020-09-01T18:51:43","slug":"video","status":"publish","type":"page","link":"https:\/\/evalart.pmgswebdraft.com\/pb\/video\/","title":{"rendered":"Process Video"},"content":{"rendered":"<p class=\"qtranxs-available-languages-message qtranxs-available-languages-message-pb\">Desculpe-nos, mas este texto est\u00e1 apenas dispon\u00edvel em <a href=\"https:\/\/evalart.pmgswebdraft.com\/en\/wp-json\/wp\/v2\/pages\/511\" class=\"qtranxs-available-language-link qtranxs-available-language-link-en\" title=\"English\">English<\/a> y <a href=\"https:\/\/evalart.pmgswebdraft.com\/es\/wp-json\/wp\/v2\/pages\/511\" class=\"qtranxs-available-language-link qtranxs-available-language-link-es\" title=\"Espa\u00f1ol\">Espa\u00f1ol<\/a>.<\/p><p>https:\/\/www.youtube.com\/watch?v=ZdFE7i0_KBo<\/p>","protected":false},"excerpt":{"rendered":"<p>Desculpe-nos, mas este texto est\u00e1 apenas dispon\u00edvel em English y Espa\u00f1ol.https:\/\/www.youtube.com\/watch?v=ZdFE7i0_KBo<\/p>\n","protected":false},"author":5,"featured_media":0,"parent":0,"menu_order":0,"comment_status":"closed","ping_status":"closed","template":"page-templates\/fixed-video.php","meta":{"_acf_changed":false,"inline_featured_image":false,"footnotes":""},"class_list":["post-511","page","type-page","status-publish","hentry"],"acf":[],"yoast_head":"<!-- This site is optimized with the Yoast SEO plugin v25.5 - https:\/\/yoast.com\/wordpress\/plugins\/seo\/ -->\n<title>Process Video - Evalart<\/title>\n<meta name=\"robots\" content=\"noindex, follow, max-snippet:-1, max-image-preview:large, max-video-preview:-1\" \/>\n<meta property=\"og:locale\" content=\"pt_BR\" \/>\n<meta property=\"og:type\" content=\"article\" \/>\n<meta property=\"og:title\" content=\"Process Video - Evalart\" \/>\n<meta property=\"og:description\" content=\"Desculpe-nos, mas este texto est\u00e1 apenas dispon\u00edvel em English y Espa\u00f1ol.https:\/\/www.youtube.com\/watch?v=ZdFE7i0_KBo\" \/>\n<meta property=\"og:url\" content=\"https:\/\/evalart.pmgswebdraft.com\/pb\/video\/\" \/>\n<meta property=\"og:site_name\" content=\"Evalart\" \/>\n<meta property=\"article:modified_time\" content=\"2020-09-01T18:51:43+00:00\" \/>\n<meta name=\"twitter:card\" content=\"summary_large_image\" \/>\n<script type=\"application\/ld+json\" class=\"yoast-schema-graph\">{\"@context\":\"https:\/\/schema.org\",\"@graph\":[{\"@type\":\"WebPage\",\"@id\":\"https:\/\/evalart.pmgswebdraft.com\/pb\/video\/\",\"url\":\"https:\/\/evalart.pmgswebdraft.com\/pb\/video\/\",\"name\":\"Process Video - Evalart\",\"isPartOf\":{\"@id\":\"https:\/\/evalart.pmgswebdraft.com\/pb\/#website\"},\"datePublished\":\"2017-05-13T00:00:27+00:00\",\"dateModified\":\"2020-09-01T18:51:43+00:00\",\"breadcrumb\":{\"@id\":\"https:\/\/evalart.pmgswebdraft.com\/pb\/video\/#breadcrumb\"},\"inLanguage\":\"pt-BR\",\"potentialAction\":[{\"@type\":\"ReadAction\",\"target\":[[\"https:\/\/evalart.pmgswebdraft.com\/pb\/video\/\"]]}]},{\"@type\":\"BreadcrumbList\",\"@id\":\"https:\/\/evalart.pmgswebdraft.com\/pb\/video\/#breadcrumb\",\"itemListElement\":[{\"@type\":\"ListItem\",\"position\":1,\"name\":\"Portada\",\"item\":\"https:\/\/evalart.pmgswebdraft.com\/pb\/\"},{\"@type\":\"ListItem\",\"position\":2,\"name\":\"Video del proceso\"}]},{\"@type\":\"WebSite\",\"@id\":\"https:\/\/evalart.pmgswebdraft.com\/pb\/#website\",\"url\":\"https:\/\/evalart.pmgswebdraft.com\/pb\/\",\"name\":\"Evalart\",\"description\":\"Skills Assessment Platform for your Recruiting Process\",\"publisher\":{\"@id\":\"https:\/\/evalart.pmgswebdraft.com\/pb\/#organization\"},\"potentialAction\":[{\"@type\":\"SearchAction\",\"target\":{\"@type\":\"EntryPoint\",\"urlTemplate\":\"https:\/\/evalart.pmgswebdraft.com\/pb\/?s={search_term_string}\"},\"query-input\":{\"@type\":\"PropertyValueSpecification\",\"valueRequired\":true,\"valueName\":\"search_term_string\"}}],\"inLanguage\":\"pt-BR\"},{\"@type\":\"Organization\",\"@id\":\"https:\/\/evalart.pmgswebdraft.com\/pb\/#organization\",\"name\":\"Evalart\",\"url\":\"https:\/\/evalart.pmgswebdraft.com\/pb\/\",\"logo\":{\"@type\":\"ImageObject\",\"inLanguage\":\"pt-BR\",\"@id\":\"https:\/\/evalart.pmgswebdraft.com\/pb\/#\/schema\/logo\/image\/\",\"url\":\"https:\/\/evalart.pmgswebdraft.com\/wp-content\/uploads\/2024\/03\/evalart-logo.svg\",\"contentUrl\":\"https:\/\/evalart.pmgswebdraft.com\/wp-content\/uploads\/2024\/03\/evalart-logo.svg\",\"caption\":\"Evalart\"},\"image\":{\"@id\":\"https:\/\/evalart.pmgswebdraft.com\/pb\/#\/schema\/logo\/image\/\"}}]}<\/script>\n<!-- \/ Yoast SEO plugin. -->","yoast_head_json":{"title":"Process Video - Evalart","robots":{"index":"noindex","follow":"follow","max-snippet":"max-snippet:-1","max-image-preview":"max-image-preview:large","max-video-preview":"max-video-preview:-1"},"og_locale":"pt_BR","og_type":"article","og_title":"Process Video - Evalart","og_description":"Desculpe-nos, mas este texto est\u00e1 apenas dispon\u00edvel em English y Espa\u00f1ol.https:\/\/www.youtube.com\/watch?v=ZdFE7i0_KBo","og_url":"https:\/\/evalart.pmgswebdraft.com\/pb\/video\/","og_site_name":"Evalart","article_modified_time":"2020-09-01T18:51:43+00:00","twitter_card":"summary_large_image","schema":{"@context":"https:\/\/schema.org","@graph":[{"@type":"WebPage","@id":"https:\/\/evalart.pmgswebdraft.com\/pb\/video\/","url":"https:\/\/evalart.pmgswebdraft.com\/pb\/video\/","name":"Process Video - Evalart","isPartOf":{"@id":"https:\/\/evalart.pmgswebdraft.com\/pb\/#website"},"datePublished":"2017-05-13T00:00:27+00:00","dateModified":"2020-09-01T18:51:43+00:00","breadcrumb":{"@id":"https:\/\/evalart.pmgswebdraft.com\/pb\/video\/#breadcrumb"},"inLanguage":"pt-BR","potentialAction":[{"@type":"ReadAction","target":[["https:\/\/evalart.pmgswebdraft.com\/pb\/video\/"]]}]},{"@type":"BreadcrumbList","@id":"https:\/\/evalart.pmgswebdraft.com\/pb\/video\/#breadcrumb","itemListElement":[{"@type":"ListItem","position":1,"name":"Portada","item":"https:\/\/evalart.pmgswebdraft.com\/pb\/"},{"@type":"ListItem","position":2,"name":"Video del proceso"}]},{"@type":"WebSite","@id":"https:\/\/evalart.pmgswebdraft.com\/pb\/#website","url":"https:\/\/evalart.pmgswebdraft.com\/pb\/","name":"Evalart","description":"Skills Assessment Platform for your Recruiting Process","publisher":{"@id":"https:\/\/evalart.pmgswebdraft.com\/pb\/#organization"},"potentialAction":[{"@type":"SearchAction","target":{"@type":"EntryPoint","urlTemplate":"https:\/\/evalart.pmgswebdraft.com\/pb\/?s={search_term_string}"},"query-input":{"@type":"PropertyValueSpecification","valueRequired":true,"valueName":"search_term_string"}}],"inLanguage":"pt-BR"},{"@type":"Organization","@id":"https:\/\/evalart.pmgswebdraft.com\/pb\/#organization","name":"Evalart","url":"https:\/\/evalart.pmgswebdraft.com\/pb\/","logo":{"@type":"ImageObject","inLanguage":"pt-BR","@id":"https:\/\/evalart.pmgswebdraft.com\/pb\/#\/schema\/logo\/image\/","url":"https:\/\/evalart.pmgswebdraft.com\/wp-content\/uploads\/2024\/03\/evalart-logo.svg","contentUrl":"https:\/\/evalart.pmgswebdraft.com\/wp-content\/uploads\/2024\/03\/evalart-logo.svg","caption":"Evalart"},"image":{"@id":"https:\/\/evalart.pmgswebdraft.com\/pb\/#\/schema\/logo\/image\/"}}]}},"_links":{"self":[{"href":"https:\/\/evalart.pmgswebdraft.com\/pb\/wp-json\/wp\/v2\/pages\/511","targetHints":{"allow":["GET"]}}],"collection":[{"href":"https:\/\/evalart.pmgswebdraft.com\/pb\/wp-json\/wp\/v2\/pages"}],"about":[{"href":"https:\/\/evalart.pmgswebdraft.com\/pb\/wp-json\/wp\/v2\/types\/page"}],"author":[{"embeddable":true,"href":"https:\/\/evalart.pmgswebdraft.com\/pb\/wp-json\/wp\/v2\/users\/5"}],"replies":[{"embeddable":true,"href":"https:\/\/evalart.pmgswebdraft.com\/pb\/wp-json\/wp\/v2\/comments?post=511"}],"version-history":[{"count":10,"href":"https:\/\/evalart.pmgswebdraft.com\/pb\/wp-json\/wp\/v2\/pages\/511\/revisions"}],"predecessor-version":[{"id":1471,"href":"https:\/\/evalart.pmgswebdraft.com\/pb\/wp-json\/wp\/v2\/pages\/511\/revisions\/1471"}],"wp:attachment":[{"href":"https:\/\/evalart.pmgswebdraft.com\/pb\/wp-json\/wp\/v2\/media?parent=511"}],"curies":[{"name":"wp","href":"https:\/\/api.w.org\/{rel}","templated":true}]}}